{"id":2948,"date":"2023-02-12T09:56:02","date_gmt":"2023-02-12T06:56:02","guid":{"rendered":"https:\/\/www.3dimge.com\/?page_id=2948"},"modified":"2023-10-21T16:29:44","modified_gmt":"2023-10-21T13:29:44","slug":"lenticular-merceksi-gorseller-nedir-nasil-uretilir","status":"publish","type":"page","link":"https:\/\/www.3dimge.com\/tr\/lenticular-merceksi-gorseller-nedir-nasil-uretilir\/","title":{"rendered":"Lenticular(Merceksi) g\u00f6rseller nedir? Nas\u0131l \u00fcretilir?"},"content":{"rendered":"\n<p>Merceksi g\u00f6rseller bir \u00e7o\u011fumuzun taso ya da sak\u0131zlardan bildi\u011fimiz hareketli, ya da de\u011fi\u015fen g\u00f6rselleri olu\u015fturmaya sa\u011flayan, \u00e7o\u011fu zaman \u015fa\u015fk\u0131nl\u0131k ve ilgi oda\u011f\u0131 olan g\u00f6rsellerdir.<\/p>\n\n\n\n<div class=\"wp-block-columns is-layout-flex wp-container-core-columns-is-layout-9d6595d7 wp-block-columns-is-layout-flex\">\n<div class=\"wp-block-column is-layout-flow wp-block-column-is-layout-flow\"><div class=\"wp-block-image\">\n<figure class=\"aligncenter size-full is-resized\"><a href=\"https:\/\/www.3dimge.com\/wp-content\/uploads\/2020\/07\/kiz_kulesi.gif\"><img loading=\"lazy\" decoding=\"async\" width=\"500\" height=\"500\" src=\"https:\/\/www.3dimge.com\/wp-content\/uploads\/2020\/07\/kiz_kulesi.gif\" alt=\"\" class=\"wp-image-2399\" style=\"width:250px;height:250px\"\/><\/a><figcaption class=\"wp-element-caption\">3D merceksi g\u00f6rsel<\/figcaption><\/figure><\/div><\/div>\n\n\n\n<div class=\"wp-block-column is-layout-flow wp-block-column-is-layout-flow\"><div class=\"wp-block-image\">\n<figure class=\"alignright size-full is-resized\"><a href=\"https:\/\/www.3dimge.com\/wp-content\/uploads\/2022\/09\/prod_508_prod_anim.gif\"><img loading=\"lazy\" decoding=\"async\" width=\"500\" height=\"500\" src=\"https:\/\/www.3dimge.com\/wp-content\/uploads\/2022\/09\/prod_508_prod_anim.gif\" alt=\"\" class=\"wp-image-2782\" style=\"width:250px;height:250px\"\/><\/a><figcaption class=\"wp-element-caption\">Flip(de\u011fi\u015fen) merceksi g\u00f6rsel<\/figcaption><\/figure><\/div><\/div>\n<\/div>\n\n\n\n<p>Lenticular(merceksi) g\u00f6rseller <a href=\"https:\/\/www.3dimge.com\/tr\/lenticular-gorsellerimi-nasil-secmeliyim\/\">\u00f6zel olarak haz\u0131rlanm\u0131\u015f<\/a> dijital g\u00f6r\u00fcnt\u00fclerin PET lenticular lens malzemeye(merceksi lens) bas\u0131lmas\u0131 ya da ka\u011f\u0131da bas\u0131larak lenticular lense lamine edilmesi ile elde edilir. Lens \u00fczerinden izlenen bu g\u00f6r\u00fcnt\u00fcler g\u00fc\u00e7l\u00fc bir derinlik ya da hareket yan\u0131lsamas\u0131 yarat\u0131r. <\/p>\n\n\n<div class=\"wp-block-image\">\n<figure class=\"aligncenter size-full is-resized\"><a href=\"https:\/\/www.3dimge.com\/wp-content\/uploads\/2023\/02\/LenticularCalismaSekli.png\"><img loading=\"lazy\" decoding=\"async\" width=\"643\" height=\"322\" src=\"https:\/\/www.3dimge.com\/wp-content\/uploads\/2023\/02\/LenticularCalismaSekli.png\" alt=\"\" class=\"wp-image-2970\" style=\"width:482px;height:242px\" srcset=\"https:\/\/www.3dimge.com\/wp-content\/uploads\/2023\/02\/LenticularCalismaSekli.png 643w, https:\/\/www.3dimge.com\/wp-content\/uploads\/2023\/02\/LenticularCalismaSekli-500x250.png 500w, https:\/\/www.3dimge.com\/wp-content\/uploads\/2023\/02\/LenticularCalismaSekli-300x150.png 300w, https:\/\/www.3dimge.com\/wp-content\/uploads\/2023\/02\/LenticularCalismaSekli-400x200.png 400w\" sizes=\"auto, (max-width: 643px) 100vw, 643px\" \/><\/a><\/figure><\/div>\n\n\n<p>A\u015fa\u011f\u0131da \u00fcretim ad\u0131mlar\u0131n\u0131 g\u00f6rebilirsiniz:<\/p>\n\n\n<div class=\"wp-block-image is-style-default\">\n<figure class=\"alignleft size-full is-resized\"><a href=\"https:\/\/www.3dimge.com\/wp-content\/uploads\/2023\/02\/Gorseller-1024x512-1.png\"><img loading=\"lazy\" decoding=\"async\" width=\"1024\" height=\"512\" src=\"https:\/\/www.3dimge.com\/wp-content\/uploads\/2023\/02\/Gorseller-1024x512-1.png\" alt=\"\" class=\"wp-image-2949\" style=\"width:822px;height:411px\" srcset=\"https:\/\/www.3dimge.com\/wp-content\/uploads\/2023\/02\/Gorseller-1024x512-1.png 1024w, https:\/\/www.3dimge.com\/wp-content\/uploads\/2023\/02\/Gorseller-1024x512-1-500x250.png 500w, https:\/\/www.3dimge.com\/wp-content\/uploads\/2023\/02\/Gorseller-1024x512-1-300x150.png 300w, https:\/\/www.3dimge.com\/wp-content\/uploads\/2023\/02\/Gorseller-1024x512-1-768x384.png 768w, https:\/\/www.3dimge.com\/wp-content\/uploads\/2023\/02\/Gorseller-1024x512-1-400x200.png 400w\" sizes=\"auto, (max-width: 1024px) 100vw, 1024px\" \/><\/a><figcaption class=\"wp-element-caption\">Lenticular(Merceksi) g\u00f6rseller olu\u015fturmak i\u00e7in iki ya da daha fazla g\u00f6rsel se\u00e7imi yap\u0131l\u0131r. G\u00f6rsel say\u0131s\u0131 artt\u0131k\u00e7a sonu\u00e7 merceksi g\u00f6rselin netli\u011fi konusunda kay\u0131plar ya\u015fanabilir.<\/figcaption><\/figure><\/div>\n\n\n<figure class=\"wp-block-image size-full\"><a href=\"https:\/\/www.3dimge.com\/wp-content\/uploads\/2023\/02\/Seritler-1024x274-1.png\"><img loading=\"lazy\" decoding=\"async\" width=\"1024\" height=\"274\" src=\"https:\/\/www.3dimge.com\/wp-content\/uploads\/2023\/02\/Seritler-1024x274-1.png\" alt=\"\" class=\"wp-image-2951\" srcset=\"https:\/\/www.3dimge.com\/wp-content\/uploads\/2023\/02\/Seritler-1024x274-1.png 1024w, https:\/\/www.3dimge.com\/wp-content\/uploads\/2023\/02\/Seritler-1024x274-1-500x134.png 500w, https:\/\/www.3dimge.com\/wp-content\/uploads\/2023\/02\/Seritler-1024x274-1-300x80.png 300w, https:\/\/www.3dimge.com\/wp-content\/uploads\/2023\/02\/Seritler-1024x274-1-768x206.png 768w\" sizes=\"auto, (max-width: 1024px) 100vw, 1024px\" \/><\/a><figcaption class=\"wp-element-caption\">Her bir g\u00f6rsel \u00f6zel yaz\u0131l\u0131mlar kullan\u0131larak \u015feritlere ayr\u0131l\u0131r.<\/figcaption><\/figure>\n\n\n\n<figure class=\"wp-block-image size-full\"><a href=\"https:\/\/www.3dimge.com\/wp-content\/uploads\/2023\/02\/BirlesmisGorsel-1024x273-1.png\"><img loading=\"lazy\" decoding=\"async\" width=\"1024\" height=\"273\" src=\"https:\/\/www.3dimge.com\/wp-content\/uploads\/2023\/02\/BirlesmisGorsel-1024x273-1.png\" alt=\"\" class=\"wp-image-2953\" srcset=\"https:\/\/www.3dimge.com\/wp-content\/uploads\/2023\/02\/BirlesmisGorsel-1024x273-1.png 1024w, https:\/\/www.3dimge.com\/wp-content\/uploads\/2023\/02\/BirlesmisGorsel-1024x273-1-500x133.png 500w, https:\/\/www.3dimge.com\/wp-content\/uploads\/2023\/02\/BirlesmisGorsel-1024x273-1-300x80.png 300w, https:\/\/www.3dimge.com\/wp-content\/uploads\/2023\/02\/BirlesmisGorsel-1024x273-1-768x205.png 768w\" sizes=\"auto, (max-width: 1024px) 100vw, 1024px\" \/><\/a><figcaption class=\"wp-element-caption\">&#8230;ve par\u00e7alar birle\u015ftirilerek lensin \u00f6zelli\u011fine uygun olacak \u015fekilde birle\u015ftirilir. Birle\u015ftirme i\u015fleminden sonra elde edilen dijital g\u00f6rsel \u00e7\u0131plak g\u00f6zle bak\u0131ld\u0131\u011f\u0131nda \u015feritlerden olu\u015fan bir g\u00f6rsel olarak alg\u0131lan\u0131r.<\/figcaption><\/figure>\n\n\n\n<figure class=\"wp-block-image size-full\"><a href=\"https:\/\/www.3dimge.com\/wp-content\/uploads\/2023\/02\/Lens-1024x265-1.png\"><img loading=\"lazy\" decoding=\"async\" width=\"1024\" height=\"265\" src=\"https:\/\/www.3dimge.com\/wp-content\/uploads\/2023\/02\/Lens-1024x265-1.png\" alt=\"\" class=\"wp-image-2955\" srcset=\"https:\/\/www.3dimge.com\/wp-content\/uploads\/2023\/02\/Lens-1024x265-1.png 1024w, https:\/\/www.3dimge.com\/wp-content\/uploads\/2023\/02\/Lens-1024x265-1-500x129.png 500w, https:\/\/www.3dimge.com\/wp-content\/uploads\/2023\/02\/Lens-1024x265-1-300x78.png 300w, https:\/\/www.3dimge.com\/wp-content\/uploads\/2023\/02\/Lens-1024x265-1-768x199.png 768w\" sizes=\"auto, (max-width: 1024px) 100vw, 1024px\" \/><\/a><figcaption class=\"wp-element-caption\">Merceksi Lens ince \u015ferit \u015feklinde merceklerden(lenslerden) olu\u015fur ve g\u00f6revi birle\u015ftirilmi\u015f olan \u015feritleri izleyiciye ayr\u0131\u015ft\u0131rarak ula\u015ft\u0131rmakt\u0131r.<\/figcaption><\/figure>\n\n\n\n<figure class=\"wp-block-image size-full\"><a href=\"https:\/\/www.3dimge.com\/wp-content\/uploads\/2023\/02\/LenticularBaski-1024x418-1.png\"><img loading=\"lazy\" decoding=\"async\" width=\"1024\" height=\"418\" src=\"https:\/\/www.3dimge.com\/wp-content\/uploads\/2023\/02\/LenticularBaski-1024x418-1.png\" alt=\"\" class=\"wp-image-2957\" srcset=\"https:\/\/www.3dimge.com\/wp-content\/uploads\/2023\/02\/LenticularBaski-1024x418-1.png 1024w, https:\/\/www.3dimge.com\/wp-content\/uploads\/2023\/02\/LenticularBaski-1024x418-1-500x204.png 500w, https:\/\/www.3dimge.com\/wp-content\/uploads\/2023\/02\/LenticularBaski-1024x418-1-300x122.png 300w, https:\/\/www.3dimge.com\/wp-content\/uploads\/2023\/02\/LenticularBaski-1024x418-1-768x314.png 768w\" sizes=\"auto, (max-width: 1024px) 100vw, 1024px\" \/><\/a><figcaption class=\"wp-element-caption\">Haz\u0131rlanan g\u00f6rsel lensin arka y\u00fcz\u00fcne bas\u0131l\u0131r ya da \u00f6nce ka\u011f\u0131da bas\u0131larak merceksi lense yap\u0131\u015ft\u0131r\u0131l\u0131r.<\/figcaption><\/figure>\n\n\n<div class=\"wp-block-image\">\n<figure class=\"aligncenter size-full is-resized\"><a href=\"https:\/\/www.3dimge.com\/wp-content\/uploads\/2023\/02\/anim_kus.gif\"><img loading=\"lazy\" decoding=\"async\" width=\"525\" height=\"375\" src=\"https:\/\/www.3dimge.com\/wp-content\/uploads\/2023\/02\/anim_kus.gif\" alt=\"\" class=\"wp-image-2959\" style=\"width:394px;height:281px\"\/><\/a><\/figure><\/div>","protected":false},"excerpt":{"rendered":"<p>Merceksi g\u00f6rseller bir \u00e7o\u011fumuzun taso ya da sak\u0131zlardan bildi\u011fimiz hareketli, ya da de\u011fi\u015fen g\u00f6rselleri olu\u015fturmaya sa\u011flayan, \u00e7o\u011fu zaman \u015fa\u015fk\u0131nl\u0131k ve ilgi oda\u011f\u0131 olan g\u00f6rsellerdir. Lenticular(merceksi) g\u00f6rseller \u00f6zel olarak haz\u0131rlanm\u0131\u015f dijital g\u00f6r\u00fcnt\u00fclerin PET lenticular lens malzemeye(merceksi lens) bas\u0131lmas\u0131 ya da ka\u011f\u0131da bas\u0131larak lenticular lense lamine edilmesi ile elde edilir. Lens \u00fczerinden&hellip; <\/p>\n","protected":false},"author":1,"featured_media":0,"parent":0,"menu_order":0,"comment_status":"closed","ping_status":"closed","template":"","meta":{"footnotes":""},"class_list":["post-2948","page","type-page","status-publish","hentry"],"yoast_head":"<!-- This site is optimized with the Yoast SEO plugin v27.1.1 - https:\/\/yoast.com\/product\/yoast-seo-wordpress\/ -->\n<title>Lenticular(Merceksi) g\u00f6rseller nedir? Nas\u0131l \u00fcretilir? - 3Dimge<\/title>\n<meta name=\"robots\" content=\"index, follow, max-snippet:-1, max-image-preview:large, max-video-preview:-1\" \/>\n<link rel=\"canonical\" href=\"https:\/\/www.3dimge.com\/tr\/lenticular-merceksi-gorseller-nedir-nasil-uretilir\/\" \/>\n<meta property=\"og:locale\" content=\"tr_TR\" \/>\n<meta property=\"og:type\" content=\"article\" \/>\n<meta property=\"og:title\" content=\"Lenticular(Merceksi) g\u00f6rseller nedir? Nas\u0131l \u00fcretilir? - 3Dimge\" \/>\n<meta property=\"og:description\" content=\"Merceksi g\u00f6rseller bir \u00e7o\u011fumuzun taso ya da sak\u0131zlardan bildi\u011fimiz hareketli, ya da de\u011fi\u015fen g\u00f6rselleri olu\u015fturmaya sa\u011flayan, \u00e7o\u011fu zaman \u015fa\u015fk\u0131nl\u0131k ve ilgi oda\u011f\u0131 olan g\u00f6rsellerdir. Lenticular(merceksi) g\u00f6rseller \u00f6zel olarak haz\u0131rlanm\u0131\u015f dijital g\u00f6r\u00fcnt\u00fclerin PET lenticular lens malzemeye(merceksi lens) bas\u0131lmas\u0131 ya da ka\u011f\u0131da bas\u0131larak lenticular lense lamine edilmesi ile elde edilir. Lens \u00fczerinden&hellip;\" \/>\n<meta property=\"og:url\" content=\"https:\/\/www.3dimge.com\/tr\/lenticular-merceksi-gorseller-nedir-nasil-uretilir\/\" \/>\n<meta property=\"og:site_name\" content=\"3Dimge\" \/>\n<meta property=\"article:publisher\" content=\"https:\/\/www.facebook.com\/3Dimge\" \/>\n<meta property=\"article:modified_time\" content=\"2023-10-21T13:29:44+00:00\" \/>\n<meta property=\"og:image\" content=\"https:\/\/www.3dimge.com\/wp-content\/uploads\/2020\/07\/kiz_kulesi.gif\" \/>\n<meta name=\"twitter:card\" content=\"summary_large_image\" \/>\n<meta name=\"twitter:label1\" content=\"Tahmini okuma s\u00fcresi\" \/>\n\t<meta name=\"twitter:data1\" content=\"3 dakika\" \/>\n<script type=\"application\/ld+json\" class=\"yoast-schema-graph\">{\"@context\":\"https:\/\/schema.org\",\"@graph\":[{\"@type\":\"WebPage\",\"@id\":\"https:\/\/www.3dimge.com\/tr\/lenticular-merceksi-gorseller-nedir-nasil-uretilir\/\",\"url\":\"https:\/\/www.3dimge.com\/tr\/lenticular-merceksi-gorseller-nedir-nasil-uretilir\/\",\"name\":\"Lenticular(Merceksi) g\u00f6rseller nedir? Nas\u0131l \u00fcretilir? - 3Dimge\",\"isPartOf\":{\"@id\":\"https:\/\/www.3dimge.com\/tr\/#website\"},\"primaryImageOfPage\":{\"@id\":\"https:\/\/www.3dimge.com\/tr\/lenticular-merceksi-gorseller-nedir-nasil-uretilir\/#primaryimage\"},\"image\":{\"@id\":\"https:\/\/www.3dimge.com\/tr\/lenticular-merceksi-gorseller-nedir-nasil-uretilir\/#primaryimage\"},\"thumbnailUrl\":\"https:\/\/www.3dimge.com\/wp-content\/uploads\/2020\/07\/kiz_kulesi.gif\",\"datePublished\":\"2023-02-12T06:56:02+00:00\",\"dateModified\":\"2023-10-21T13:29:44+00:00\",\"breadcrumb\":{\"@id\":\"https:\/\/www.3dimge.com\/tr\/lenticular-merceksi-gorseller-nedir-nasil-uretilir\/#breadcrumb\"},\"inLanguage\":\"tr\",\"potentialAction\":[{\"@type\":\"ReadAction\",\"target\":[\"https:\/\/www.3dimge.com\/tr\/lenticular-merceksi-gorseller-nedir-nasil-uretilir\/\"]}]},{\"@type\":\"ImageObject\",\"inLanguage\":\"tr\",\"@id\":\"https:\/\/www.3dimge.com\/tr\/lenticular-merceksi-gorseller-nedir-nasil-uretilir\/#primaryimage\",\"url\":\"https:\/\/www.3dimge.com\/wp-content\/uploads\/2020\/07\/kiz_kulesi.gif\",\"contentUrl\":\"https:\/\/www.3dimge.com\/wp-content\/uploads\/2020\/07\/kiz_kulesi.gif\"},{\"@type\":\"BreadcrumbList\",\"@id\":\"https:\/\/www.3dimge.com\/tr\/lenticular-merceksi-gorseller-nedir-nasil-uretilir\/#breadcrumb\",\"itemListElement\":[{\"@type\":\"ListItem\",\"position\":1,\"name\":\"Anasayfa\",\"item\":\"https:\/\/www.3dimge.com\/tr\/\"},{\"@type\":\"ListItem\",\"position\":2,\"name\":\"Lenticular(Merceksi) g\u00f6rseller nedir? Nas\u0131l \u00fcretilir?\"}]},{\"@type\":\"WebSite\",\"@id\":\"https:\/\/www.3dimge.com\/tr\/#website\",\"url\":\"https:\/\/www.3dimge.com\/tr\/\",\"name\":\"3Dimge\",\"description\":\"G\u00f6z al\u0131c\u0131 merceksi bask\u0131 \u00fcr\u00fcnler!\",\"publisher\":{\"@id\":\"https:\/\/www.3dimge.com\/tr\/#organization\"},\"potentialAction\":[{\"@type\":\"SearchAction\",\"target\":{\"@type\":\"EntryPoint\",\"urlTemplate\":\"https:\/\/www.3dimge.com\/tr\/?s={search_term_string}\"},\"query-input\":{\"@type\":\"PropertyValueSpecification\",\"valueRequired\":true,\"valueName\":\"search_term_string\"}}],\"inLanguage\":\"tr\"},{\"@type\":\"Organization\",\"@id\":\"https:\/\/www.3dimge.com\/tr\/#organization\",\"name\":\"3Dimge\",\"alternateName\":\"3Dimge\",\"url\":\"https:\/\/www.3dimge.com\/tr\/\",\"logo\":{\"@type\":\"ImageObject\",\"inLanguage\":\"tr\",\"@id\":\"https:\/\/www.3dimge.com\/tr\/#\/schema\/logo\/image\/\",\"url\":\"https:\/\/www.3dimge.com\/wp-content\/uploads\/2023\/10\/3dimge-anim-logo-mini128-pixel.gif\",\"contentUrl\":\"https:\/\/www.3dimge.com\/wp-content\/uploads\/2023\/10\/3dimge-anim-logo-mini128-pixel.gif\",\"width\":128,\"height\":128,\"caption\":\"3Dimge\"},\"image\":{\"@id\":\"https:\/\/www.3dimge.com\/tr\/#\/schema\/logo\/image\/\"},\"sameAs\":[\"https:\/\/www.facebook.com\/3Dimge\",\"https:\/\/www.instagram.com\/3dimge\"]}]}<\/script>\n<!-- \/ Yoast SEO plugin. -->","yoast_head_json":{"title":"Lenticular(Merceksi) g\u00f6rseller nedir? Nas\u0131l \u00fcretilir? - 3Dimge","robots":{"index":"index","follow":"follow","max-snippet":"max-snippet:-1","max-image-preview":"max-image-preview:large","max-video-preview":"max-video-preview:-1"},"canonical":"https:\/\/www.3dimge.com\/tr\/lenticular-merceksi-gorseller-nedir-nasil-uretilir\/","og_locale":"tr_TR","og_type":"article","og_title":"Lenticular(Merceksi) g\u00f6rseller nedir? Nas\u0131l \u00fcretilir? - 3Dimge","og_description":"Merceksi g\u00f6rseller bir \u00e7o\u011fumuzun taso ya da sak\u0131zlardan bildi\u011fimiz hareketli, ya da de\u011fi\u015fen g\u00f6rselleri olu\u015fturmaya sa\u011flayan, \u00e7o\u011fu zaman \u015fa\u015fk\u0131nl\u0131k ve ilgi oda\u011f\u0131 olan g\u00f6rsellerdir. Lenticular(merceksi) g\u00f6rseller \u00f6zel olarak haz\u0131rlanm\u0131\u015f dijital g\u00f6r\u00fcnt\u00fclerin PET lenticular lens malzemeye(merceksi lens) bas\u0131lmas\u0131 ya da ka\u011f\u0131da bas\u0131larak lenticular lense lamine edilmesi ile elde edilir. Lens \u00fczerinden&hellip;","og_url":"https:\/\/www.3dimge.com\/tr\/lenticular-merceksi-gorseller-nedir-nasil-uretilir\/","og_site_name":"3Dimge","article_publisher":"https:\/\/www.facebook.com\/3Dimge","article_modified_time":"2023-10-21T13:29:44+00:00","og_image":[{"url":"https:\/\/www.3dimge.com\/wp-content\/uploads\/2020\/07\/kiz_kulesi.gif","type":"","width":"","height":""}],"twitter_card":"summary_large_image","twitter_misc":{"Tahmini okuma s\u00fcresi":"3 dakika"},"schema":{"@context":"https:\/\/schema.org","@graph":[{"@type":"WebPage","@id":"https:\/\/www.3dimge.com\/tr\/lenticular-merceksi-gorseller-nedir-nasil-uretilir\/","url":"https:\/\/www.3dimge.com\/tr\/lenticular-merceksi-gorseller-nedir-nasil-uretilir\/","name":"Lenticular(Merceksi) g\u00f6rseller nedir? Nas\u0131l \u00fcretilir? - 3Dimge","isPartOf":{"@id":"https:\/\/www.3dimge.com\/tr\/#website"},"primaryImageOfPage":{"@id":"https:\/\/www.3dimge.com\/tr\/lenticular-merceksi-gorseller-nedir-nasil-uretilir\/#primaryimage"},"image":{"@id":"https:\/\/www.3dimge.com\/tr\/lenticular-merceksi-gorseller-nedir-nasil-uretilir\/#primaryimage"},"thumbnailUrl":"https:\/\/www.3dimge.com\/wp-content\/uploads\/2020\/07\/kiz_kulesi.gif","datePublished":"2023-02-12T06:56:02+00:00","dateModified":"2023-10-21T13:29:44+00:00","breadcrumb":{"@id":"https:\/\/www.3dimge.com\/tr\/lenticular-merceksi-gorseller-nedir-nasil-uretilir\/#breadcrumb"},"inLanguage":"tr","potentialAction":[{"@type":"ReadAction","target":["https:\/\/www.3dimge.com\/tr\/lenticular-merceksi-gorseller-nedir-nasil-uretilir\/"]}]},{"@type":"ImageObject","inLanguage":"tr","@id":"https:\/\/www.3dimge.com\/tr\/lenticular-merceksi-gorseller-nedir-nasil-uretilir\/#primaryimage","url":"https:\/\/www.3dimge.com\/wp-content\/uploads\/2020\/07\/kiz_kulesi.gif","contentUrl":"https:\/\/www.3dimge.com\/wp-content\/uploads\/2020\/07\/kiz_kulesi.gif"},{"@type":"BreadcrumbList","@id":"https:\/\/www.3dimge.com\/tr\/lenticular-merceksi-gorseller-nedir-nasil-uretilir\/#breadcrumb","itemListElement":[{"@type":"ListItem","position":1,"name":"Anasayfa","item":"https:\/\/www.3dimge.com\/tr\/"},{"@type":"ListItem","position":2,"name":"Lenticular(Merceksi) g\u00f6rseller nedir? Nas\u0131l \u00fcretilir?"}]},{"@type":"WebSite","@id":"https:\/\/www.3dimge.com\/tr\/#website","url":"https:\/\/www.3dimge.com\/tr\/","name":"3Dimge","description":"G\u00f6z al\u0131c\u0131 merceksi bask\u0131 \u00fcr\u00fcnler!","publisher":{"@id":"https:\/\/www.3dimge.com\/tr\/#organization"},"potentialAction":[{"@type":"SearchAction","target":{"@type":"EntryPoint","urlTemplate":"https:\/\/www.3dimge.com\/tr\/?s={search_term_string}"},"query-input":{"@type":"PropertyValueSpecification","valueRequired":true,"valueName":"search_term_string"}}],"inLanguage":"tr"},{"@type":"Organization","@id":"https:\/\/www.3dimge.com\/tr\/#organization","name":"3Dimge","alternateName":"3Dimge","url":"https:\/\/www.3dimge.com\/tr\/","logo":{"@type":"ImageObject","inLanguage":"tr","@id":"https:\/\/www.3dimge.com\/tr\/#\/schema\/logo\/image\/","url":"https:\/\/www.3dimge.com\/wp-content\/uploads\/2023\/10\/3dimge-anim-logo-mini128-pixel.gif","contentUrl":"https:\/\/www.3dimge.com\/wp-content\/uploads\/2023\/10\/3dimge-anim-logo-mini128-pixel.gif","width":128,"height":128,"caption":"3Dimge"},"image":{"@id":"https:\/\/www.3dimge.com\/tr\/#\/schema\/logo\/image\/"},"sameAs":["https:\/\/www.facebook.com\/3Dimge","https:\/\/www.instagram.com\/3dimge"]}]}},"_links":{"self":[{"href":"https:\/\/www.3dimge.com\/tr\/wp-json\/wp\/v2\/pages\/2948","targetHints":{"allow":["GET"]}}],"collection":[{"href":"https:\/\/www.3dimge.com\/tr\/wp-json\/wp\/v2\/pages"}],"about":[{"href":"https:\/\/www.3dimge.com\/tr\/wp-json\/wp\/v2\/types\/page"}],"author":[{"embeddable":true,"href":"https:\/\/www.3dimge.com\/tr\/wp-json\/wp\/v2\/users\/1"}],"replies":[{"embeddable":true,"href":"https:\/\/www.3dimge.com\/tr\/wp-json\/wp\/v2\/comments?post=2948"}],"version-history":[{"count":2,"href":"https:\/\/www.3dimge.com\/tr\/wp-json\/wp\/v2\/pages\/2948\/revisions"}],"predecessor-version":[{"id":3529,"href":"https:\/\/www.3dimge.com\/tr\/wp-json\/wp\/v2\/pages\/2948\/revisions\/3529"}],"wp:attachment":[{"href":"https:\/\/www.3dimge.com\/tr\/wp-json\/wp\/v2\/media?parent=2948"}],"curies":[{"name":"wp","href":"https:\/\/api.w.org\/{rel}","templated":true}]}}