{"id":37,"date":"2019-11-02T12:26:46","date_gmt":"2019-11-02T12:26:46","guid":{"rendered":"http:\/\/shop.3dimge.com\/?page_id=37"},"modified":"2025-06-21T23:08:22","modified_gmt":"2025-06-21T20:08:22","slug":"lenticular-baski-nedir","status":"publish","type":"page","link":"https:\/\/www.3dimge.com\/tr\/","title":{"rendered":"Anasayfa"},"content":{"rendered":"\n<p class=\"has-large-font-size\"><strong>Lenticular bask\u0131 nedir?<\/strong><\/p>\n\n\n\n<p class=\"has-small-font-size\">Lenticular ya da merceksi g\u00f6rseller, bir \u00e7o\u011fumuzun taso ya da sak\u0131zlardan bildi\u011fimiz hareketli, ya da de\u011fi\u015fen g\u00f6rselleri olu\u015fturmaya sa\u011flayan, \u00e7o\u011fu zaman \u015fa\u015fk\u0131nl\u0131k ve ilgi oda\u011f\u0131 olan g\u00f6rsellerdir. De\u011fi\u015fen g\u00f6rsel ya da derinlik etkisi olarak temel iki etki \u015fekli vard\u0131r. <a href=\"https:\/\/www.3dimge.com\/tr\/lenticular-merceksi-gorseller-nedir-nasil-uretilir\/\">Devam\u0131<\/a>&#8230;<\/p>\n\n\n\n<p><\/p>\n\n\n\n<p><\/p>\n\n\n\n<p><\/p>\n\n\n\n<h2 class=\"wp-block-heading has-text-align-center\" id=\"h-en-cok-satanlar\">En \u00e7ok satanlar<\/h2>\n\n\n<div data-block-name=\"woocommerce\/handpicked-products\" data-content-visibility=\"{&quot;image&quot;:true,&quot;title&quot;:true,&quot;price&quot;:true,&quot;rating&quot;:false,&quot;button&quot;:false}\" data-orderby=\"popularity\" data-products=\"[4627,4591,4513,4564,4667,4647]\" class=\"wc-block-grid wp-block-handpicked-products wp-block-woocommerce-handpicked-products wc-block-handpicked-products has-3-columns has-multiple-rows\"><ul class=\"wc-block-grid__products\"><li class=\"wc-block-grid__product\">\n\t\t\t\t<a href=\"https:\/\/www.3dimge.com\/tr\/shop\/kartpostal\/merceksi-kartpostal-sultan-ahmet-camii\/\" class=\"wc-block-grid__product-link\">\n\t\t\t\t\t\n\t\t\t\t\t<div class=\"wc-block-grid__product-image\"><img loading=\"lazy\" decoding=\"async\" width=\"500\" height=\"500\" src=\"https:\/\/www.3dimge.com\/wp-content\/uploads\/2025\/06\/Prod_006-1-500x500.png\" class=\"attachment-woocommerce_thumbnail size-woocommerce_thumbnail\" alt=\"Merceksi Kartpostal - Sultan Ahmet Camii\" srcset=\"https:\/\/www.3dimge.com\/wp-content\/uploads\/2025\/06\/Prod_006-1-500x500.png 500w, https:\/\/www.3dimge.com\/wp-content\/uploads\/2025\/06\/Prod_006-1-300x300.png 300w, https:\/\/www.3dimge.com\/wp-content\/uploads\/2025\/06\/Prod_006-1-1024x1024.png 1024w, https:\/\/www.3dimge.com\/wp-content\/uploads\/2025\/06\/Prod_006-1-150x150.png 150w, https:\/\/www.3dimge.com\/wp-content\/uploads\/2025\/06\/Prod_006-1-768x768.png 768w, https:\/\/www.3dimge.com\/wp-content\/uploads\/2025\/06\/Prod_006-1-512x512.png 512w, https:\/\/www.3dimge.com\/wp-content\/uploads\/2025\/06\/Prod_006-1-420x420.png 420w, https:\/\/www.3dimge.com\/wp-content\/uploads\/2025\/06\/Prod_006-1-75x75.png 75w, https:\/\/www.3dimge.com\/wp-content\/uploads\/2025\/06\/Prod_006-1-100x100.png 100w, https:\/\/www.3dimge.com\/wp-content\/uploads\/2025\/06\/Prod_006-1.png 1200w\" sizes=\"auto, (max-width: 500px) 100vw, 500px\" \/><\/div>\n\t\t\t\t\t<div class=\"wc-block-grid__product-title\">Merceksi Kartpostal &#8211; Sultan Ahmet Camii<\/div>\n\t\t\t\t<\/a>\n\t\t\t\t<div class=\"wc-block-grid__product-price price\"><span class=\"woocommerce-Price-amount amount\"><span class=\"woocommerce-Price-currencySymbol\">&#8378;<\/span>120,00<\/span><\/div>\n\t\t\t\t\n\t\t\t\t\n\t\t\t<\/li><li class=\"wc-block-grid__product\">\n\t\t\t\t<a href=\"https:\/\/www.3dimge.com\/tr\/shop\/kartpostal\/merceksi-kartpostal-ayasofya\/\" class=\"wc-block-grid__product-link\">\n\t\t\t\t\t\n\t\t\t\t\t<div class=\"wc-block-grid__product-image\"><img loading=\"lazy\" decoding=\"async\" width=\"500\" height=\"500\" src=\"https:\/\/www.3dimge.com\/wp-content\/uploads\/2025\/06\/Prod_005-500x500.png\" class=\"attachment-woocommerce_thumbnail size-woocommerce_thumbnail\" alt=\"Merceksi Kartpostal - Ayasofya\" srcset=\"https:\/\/www.3dimge.com\/wp-content\/uploads\/2025\/06\/Prod_005-500x500.png 500w, https:\/\/www.3dimge.com\/wp-content\/uploads\/2025\/06\/Prod_005-300x300.png 300w, https:\/\/www.3dimge.com\/wp-content\/uploads\/2025\/06\/Prod_005-1024x1024.png 1024w, https:\/\/www.3dimge.com\/wp-content\/uploads\/2025\/06\/Prod_005-150x150.png 150w, https:\/\/www.3dimge.com\/wp-content\/uploads\/2025\/06\/Prod_005-768x768.png 768w, https:\/\/www.3dimge.com\/wp-content\/uploads\/2025\/06\/Prod_005-512x512.png 512w, https:\/\/www.3dimge.com\/wp-content\/uploads\/2025\/06\/Prod_005-420x420.png 420w, https:\/\/www.3dimge.com\/wp-content\/uploads\/2025\/06\/Prod_005-75x75.png 75w, https:\/\/www.3dimge.com\/wp-content\/uploads\/2025\/06\/Prod_005-100x100.png 100w, https:\/\/www.3dimge.com\/wp-content\/uploads\/2025\/06\/Prod_005.png 1200w\" sizes=\"auto, (max-width: 500px) 100vw, 500px\" \/><\/div>\n\t\t\t\t\t<div class=\"wc-block-grid__product-title\">Merceksi Kartpostal &#8211; Ayasofya<\/div>\n\t\t\t\t<\/a>\n\t\t\t\t<div class=\"wc-block-grid__product-price price\"><span class=\"woocommerce-Price-amount amount\"><span class=\"woocommerce-Price-currencySymbol\">&#8378;<\/span>120,00<\/span><\/div>\n\t\t\t\t\n\t\t\t\t\n\t\t\t<\/li><li class=\"wc-block-grid__product\">\n\t\t\t\t<a href=\"https:\/\/www.3dimge.com\/tr\/shop\/kartpostal\/merceksi-kartpostal-galata-kulesi\/\" class=\"wc-block-grid__product-link\">\n\t\t\t\t\t\n\t\t\t\t\t<div class=\"wc-block-grid__product-image\"><img loading=\"lazy\" decoding=\"async\" width=\"500\" height=\"500\" src=\"https:\/\/www.3dimge.com\/wp-content\/uploads\/2025\/06\/Prod_004-500x500.png\" class=\"attachment-woocommerce_thumbnail size-woocommerce_thumbnail\" alt=\"Merceksi Kartpostal - Galata Kulesi\" srcset=\"https:\/\/www.3dimge.com\/wp-content\/uploads\/2025\/06\/Prod_004-500x500.png 500w, https:\/\/www.3dimge.com\/wp-content\/uploads\/2025\/06\/Prod_004-300x300.png 300w, https:\/\/www.3dimge.com\/wp-content\/uploads\/2025\/06\/Prod_004-1024x1024.png 1024w, https:\/\/www.3dimge.com\/wp-content\/uploads\/2025\/06\/Prod_004-150x150.png 150w, https:\/\/www.3dimge.com\/wp-content\/uploads\/2025\/06\/Prod_004-768x768.png 768w, https:\/\/www.3dimge.com\/wp-content\/uploads\/2025\/06\/Prod_004-512x512.png 512w, https:\/\/www.3dimge.com\/wp-content\/uploads\/2025\/06\/Prod_004-420x420.png 420w, https:\/\/www.3dimge.com\/wp-content\/uploads\/2025\/06\/Prod_004-75x75.png 75w, https:\/\/www.3dimge.com\/wp-content\/uploads\/2025\/06\/Prod_004-100x100.png 100w, https:\/\/www.3dimge.com\/wp-content\/uploads\/2025\/06\/Prod_004.png 1200w\" sizes=\"auto, (max-width: 500px) 100vw, 500px\" \/><\/div>\n\t\t\t\t\t<div class=\"wc-block-grid__product-title\">Merceksi Kartpostal &#8211; Galata Kulesi<\/div>\n\t\t\t\t<\/a>\n\t\t\t\t<div class=\"wc-block-grid__product-price price\"><span class=\"woocommerce-Price-amount amount\"><span class=\"woocommerce-Price-currencySymbol\">&#8378;<\/span>120,00<\/span><\/div>\n\t\t\t\t\n\t\t\t\t\n\t\t\t<\/li><li class=\"wc-block-grid__product\">\n\t\t\t\t<a href=\"https:\/\/www.3dimge.com\/tr\/shop\/kartpostal\/merceksi-kartpostal-istanbul-bogaz-manzarasi\/\" class=\"wc-block-grid__product-link\">\n\t\t\t\t\t\n\t\t\t\t\t<div class=\"wc-block-grid__product-image\"><img loading=\"lazy\" decoding=\"async\" width=\"500\" height=\"500\" src=\"https:\/\/www.3dimge.com\/wp-content\/uploads\/2025\/06\/Prod_003-500x500.png\" class=\"attachment-woocommerce_thumbnail size-woocommerce_thumbnail\" alt=\"Merceksi Kartpostal - \u0130stanbul Bo\u011faz manzaras\u0131\" srcset=\"https:\/\/www.3dimge.com\/wp-content\/uploads\/2025\/06\/Prod_003-500x500.png 500w, https:\/\/www.3dimge.com\/wp-content\/uploads\/2025\/06\/Prod_003-300x300.png 300w, https:\/\/www.3dimge.com\/wp-content\/uploads\/2025\/06\/Prod_003-1024x1024.png 1024w, https:\/\/www.3dimge.com\/wp-content\/uploads\/2025\/06\/Prod_003-150x150.png 150w, https:\/\/www.3dimge.com\/wp-content\/uploads\/2025\/06\/Prod_003-768x768.png 768w, https:\/\/www.3dimge.com\/wp-content\/uploads\/2025\/06\/Prod_003-512x512.png 512w, https:\/\/www.3dimge.com\/wp-content\/uploads\/2025\/06\/Prod_003-420x420.png 420w, https:\/\/www.3dimge.com\/wp-content\/uploads\/2025\/06\/Prod_003-75x75.png 75w, https:\/\/www.3dimge.com\/wp-content\/uploads\/2025\/06\/Prod_003-100x100.png 100w, https:\/\/www.3dimge.com\/wp-content\/uploads\/2025\/06\/Prod_003.png 1200w\" sizes=\"auto, (max-width: 500px) 100vw, 500px\" \/><\/div>\n\t\t\t\t\t<div class=\"wc-block-grid__product-title\">Merceksi Kartpostal &#8211; \u0130stanbul Bo\u011faz manzaras\u0131<\/div>\n\t\t\t\t<\/a>\n\t\t\t\t<div class=\"wc-block-grid__product-price price\"><span class=\"woocommerce-Price-amount amount\"><span class=\"woocommerce-Price-currencySymbol\">&#8378;<\/span>120,00<\/span><\/div>\n\t\t\t\t\n\t\t\t\t\n\t\t\t<\/li><li class=\"wc-block-grid__product\">\n\t\t\t\t<a href=\"https:\/\/www.3dimge.com\/tr\/shop\/kartpostal\/merceksi-kartpostal-istanbul-vangoh-etkisi\/\" class=\"wc-block-grid__product-link\">\n\t\t\t\t\t\n\t\t\t\t\t<div class=\"wc-block-grid__product-image\"><img loading=\"lazy\" decoding=\"async\" width=\"500\" height=\"500\" src=\"https:\/\/www.3dimge.com\/wp-content\/uploads\/2025\/06\/Prod_002-500x500.png\" class=\"attachment-woocommerce_thumbnail size-woocommerce_thumbnail\" alt=\"Merceksi Kartpostal - \u0130stanbul Vangoh etkisi\" srcset=\"https:\/\/www.3dimge.com\/wp-content\/uploads\/2025\/06\/Prod_002-500x500.png 500w, https:\/\/www.3dimge.com\/wp-content\/uploads\/2025\/06\/Prod_002-300x300.png 300w, https:\/\/www.3dimge.com\/wp-content\/uploads\/2025\/06\/Prod_002-1024x1024.png 1024w, https:\/\/www.3dimge.com\/wp-content\/uploads\/2025\/06\/Prod_002-150x150.png 150w, https:\/\/www.3dimge.com\/wp-content\/uploads\/2025\/06\/Prod_002-768x768.png 768w, https:\/\/www.3dimge.com\/wp-content\/uploads\/2025\/06\/Prod_002-512x512.png 512w, https:\/\/www.3dimge.com\/wp-content\/uploads\/2025\/06\/Prod_002-420x420.png 420w, https:\/\/www.3dimge.com\/wp-content\/uploads\/2025\/06\/Prod_002-75x75.png 75w, https:\/\/www.3dimge.com\/wp-content\/uploads\/2025\/06\/Prod_002-100x100.png 100w, https:\/\/www.3dimge.com\/wp-content\/uploads\/2025\/06\/Prod_002.png 1200w\" sizes=\"auto, (max-width: 500px) 100vw, 500px\" \/><\/div>\n\t\t\t\t\t<div class=\"wc-block-grid__product-title\">Merceksi Kartpostal &#8211; \u0130stanbul Vangoh etkisi<\/div>\n\t\t\t\t<\/a>\n\t\t\t\t<div class=\"wc-block-grid__product-price price\"><span class=\"woocommerce-Price-amount amount\"><span class=\"woocommerce-Price-currencySymbol\">&#8378;<\/span>120,00<\/span><\/div>\n\t\t\t\t\n\t\t\t\t\n\t\t\t<\/li><li class=\"wc-block-grid__product\">\n\t\t\t\t<a href=\"https:\/\/www.3dimge.com\/tr\/shop\/kartpostal\/merceksi-kartpostal-istanbul-tarihi-manzara\/\" class=\"wc-block-grid__product-link\">\n\t\t\t\t\t\n\t\t\t\t\t<div class=\"wc-block-grid__product-image\"><img loading=\"lazy\" decoding=\"async\" width=\"500\" height=\"500\" src=\"https:\/\/www.3dimge.com\/wp-content\/uploads\/2025\/06\/Prod_001-2-500x500.png\" class=\"attachment-woocommerce_thumbnail size-woocommerce_thumbnail\" alt=\"Merceksi Kartpostal - \u0130stanbul tarihi manzara\" srcset=\"https:\/\/www.3dimge.com\/wp-content\/uploads\/2025\/06\/Prod_001-2-500x500.png 500w, https:\/\/www.3dimge.com\/wp-content\/uploads\/2025\/06\/Prod_001-2-300x300.png 300w, https:\/\/www.3dimge.com\/wp-content\/uploads\/2025\/06\/Prod_001-2-1024x1024.png 1024w, https:\/\/www.3dimge.com\/wp-content\/uploads\/2025\/06\/Prod_001-2-150x150.png 150w, https:\/\/www.3dimge.com\/wp-content\/uploads\/2025\/06\/Prod_001-2-768x768.png 768w, https:\/\/www.3dimge.com\/wp-content\/uploads\/2025\/06\/Prod_001-2-512x512.png 512w, https:\/\/www.3dimge.com\/wp-content\/uploads\/2025\/06\/Prod_001-2-420x420.png 420w, https:\/\/www.3dimge.com\/wp-content\/uploads\/2025\/06\/Prod_001-2-75x75.png 75w, https:\/\/www.3dimge.com\/wp-content\/uploads\/2025\/06\/Prod_001-2-100x100.png 100w, https:\/\/www.3dimge.com\/wp-content\/uploads\/2025\/06\/Prod_001-2.png 1200w\" sizes=\"auto, (max-width: 500px) 100vw, 500px\" \/><\/div>\n\t\t\t\t\t<div class=\"wc-block-grid__product-title\">Merceksi Kartpostal &#8211; \u0130stanbul tarihi manzara<\/div>\n\t\t\t\t<\/a>\n\t\t\t\t<div class=\"wc-block-grid__product-price price\"><span class=\"woocommerce-Price-amount amount\"><span class=\"woocommerce-Price-currencySymbol\">&#8378;<\/span>120,00<\/span><\/div>\n\t\t\t\t\n\t\t\t\t\n\t\t\t<\/li><\/ul><\/div>\n\n\n<figure class=\"wp-block-table\"><table class=\"has-fixed-layout\"><tbody><tr><td><strong>Etsy listings<\/strong><br><br>Etsy Shop: API reponse should be HTTP 200 <br>API Error Description: Shared secret is required in x-api-key header.<\/td><\/tr><\/tbody><\/table><\/figure>\n\n\n\n<p><\/p>\n","protected":false},"excerpt":{"rendered":"<p>Lenticular bask\u0131 nedir? Lenticular ya da merceksi g\u00f6rseller, bir \u00e7o\u011fumuzun taso ya da sak\u0131zlardan bildi\u011fimiz hareketli, ya da de\u011fi\u015fen g\u00f6rselleri olu\u015fturmaya sa\u011flayan, \u00e7o\u011fu zaman \u015fa\u015fk\u0131nl\u0131k ve ilgi oda\u011f\u0131 olan g\u00f6rsellerdir. De\u011fi\u015fen g\u00f6rsel ya da derinlik etkisi olarak temel iki etki \u015fekli vard\u0131r. Devam\u0131&#8230; En \u00e7ok satanlar Etsy listings<\/p>\n","protected":false},"author":1,"featured_media":0,"parent":0,"menu_order":0,"comment_status":"closed","ping_status":"closed","template":"","meta":{"footnotes":""},"class_list":["post-37","page","type-page","status-publish","hentry"],"yoast_head":"<!-- This site is optimized with the Yoast SEO plugin v27.1.1 - https:\/\/yoast.com\/product\/yoast-seo-wordpress\/ -->\n<title>3Dimge - Ki\u015fiye \u00d6zel Lenticular Bask\u0131, Poster, Kart, Hediye, hareketli resim<\/title>\n<meta name=\"description\" content=\"Lenticular ya da merceksi g\u00f6rseller, bir \u00e7o\u011fumuzun taso ya da sak\u0131zlardan bildi\u011fimiz hareketli, ya da de\u011fi\u015fen g\u00f6rselleri olu\u015fturmaya sa\u011flayan, \u00e7o\u011fu zaman \u015fa\u015fk\u0131nl\u0131k ve ilgi oda\u011f\u0131 olan g\u00f6rsellerdir. Ki\u015fiye \u00f6zel lenticular bask\u0131(merceksi) \u00fcr\u00fcnlerimiz aras\u0131nda en ak\u0131lda kal\u0131c\u0131 ve \u00f6zg\u00fcn hediyenizi buradan bulabilirsiniz.\" \/>\n<meta name=\"robots\" content=\"index, follow, max-snippet:-1, max-image-preview:large, max-video-preview:-1\" \/>\n<link rel=\"canonical\" href=\"https:\/\/www.3dimge.com\/tr\/\" \/>\n<meta property=\"og:locale\" content=\"tr_TR\" \/>\n<meta property=\"og:type\" content=\"article\" \/>\n<meta property=\"og:title\" content=\"3Dimge - Ki\u015fiye \u00d6zel Lenticular Bask\u0131, Poster, Kart, Hediye, hareketli resim\" \/>\n<meta property=\"og:description\" content=\"Lenticular ya da merceksi g\u00f6rseller, bir \u00e7o\u011fumuzun taso ya da sak\u0131zlardan bildi\u011fimiz hareketli, ya da de\u011fi\u015fen g\u00f6rselleri olu\u015fturmaya sa\u011flayan, \u00e7o\u011fu zaman \u015fa\u015fk\u0131nl\u0131k ve ilgi oda\u011f\u0131 olan g\u00f6rsellerdir. Ki\u015fiye \u00f6zel lenticular bask\u0131(merceksi) \u00fcr\u00fcnlerimiz aras\u0131nda en ak\u0131lda kal\u0131c\u0131 ve \u00f6zg\u00fcn hediyenizi buradan bulabilirsiniz.\" \/>\n<meta property=\"og:url\" content=\"https:\/\/www.3dimge.com\/tr\/\" \/>\n<meta property=\"og:site_name\" content=\"3Dimge\" \/>\n<meta property=\"article:publisher\" content=\"https:\/\/www.facebook.com\/3Dimge\" \/>\n<meta property=\"article:modified_time\" content=\"2025-06-21T20:08:22+00:00\" \/>\n<meta property=\"og:image\" content=\"https:\/\/www.3dimge.com\/wp-content\/uploads\/2020\/05\/PROD_001_Kart_Sample3.gif\" \/>\n\t<meta property=\"og:image:width\" content=\"500\" \/>\n\t<meta property=\"og:image:height\" content=\"500\" \/>\n\t<meta property=\"og:image:type\" content=\"image\/gif\" \/>\n<meta name=\"twitter:card\" content=\"summary_large_image\" \/>\n<meta name=\"twitter:label1\" content=\"Tahmini okuma s\u00fcresi\" \/>\n\t<meta name=\"twitter:data1\" content=\"1 dakika\" \/>\n<script type=\"application\/ld+json\" class=\"yoast-schema-graph\">{\"@context\":\"https:\/\/schema.org\",\"@graph\":[{\"@type\":\"WebPage\",\"@id\":\"https:\/\/www.3dimge.com\/tr\/\",\"url\":\"https:\/\/www.3dimge.com\/tr\/\",\"name\":\"3Dimge - Ki\u015fiye \u00d6zel Lenticular Bask\u0131, Poster, Kart, Hediye, hareketli resim\",\"isPartOf\":{\"@id\":\"https:\/\/www.3dimge.com\/tr\/#website\"},\"datePublished\":\"2019-11-02T12:26:46+00:00\",\"dateModified\":\"2025-06-21T20:08:22+00:00\",\"description\":\"Lenticular ya da merceksi g\u00f6rseller, bir \u00e7o\u011fumuzun taso ya da sak\u0131zlardan bildi\u011fimiz hareketli, ya da de\u011fi\u015fen g\u00f6rselleri olu\u015fturmaya sa\u011flayan, \u00e7o\u011fu zaman \u015fa\u015fk\u0131nl\u0131k ve ilgi oda\u011f\u0131 olan g\u00f6rsellerdir. Ki\u015fiye \u00f6zel lenticular bask\u0131(merceksi) \u00fcr\u00fcnlerimiz aras\u0131nda en ak\u0131lda kal\u0131c\u0131 ve \u00f6zg\u00fcn hediyenizi buradan bulabilirsiniz.\",\"breadcrumb\":{\"@id\":\"https:\/\/www.3dimge.com\/tr\/#breadcrumb\"},\"inLanguage\":\"tr\",\"potentialAction\":[{\"@type\":\"ReadAction\",\"target\":[\"https:\/\/www.3dimge.com\/tr\/\"]}]},{\"@type\":\"BreadcrumbList\",\"@id\":\"https:\/\/www.3dimge.com\/tr\/#breadcrumb\",\"itemListElement\":[{\"@type\":\"ListItem\",\"position\":1,\"name\":\"Anasayfa\",\"item\":\"https:\/\/www.3dimge.com\/tr\/\"},{\"@type\":\"ListItem\",\"position\":2,\"name\":\"Anasayfa\"}]},{\"@type\":\"WebSite\",\"@id\":\"https:\/\/www.3dimge.com\/tr\/#website\",\"url\":\"https:\/\/www.3dimge.com\/tr\/\",\"name\":\"3Dimge\",\"description\":\"G\u00f6z al\u0131c\u0131 merceksi bask\u0131 \u00fcr\u00fcnler!\",\"publisher\":{\"@id\":\"https:\/\/www.3dimge.com\/tr\/#organization\"},\"potentialAction\":[{\"@type\":\"SearchAction\",\"target\":{\"@type\":\"EntryPoint\",\"urlTemplate\":\"https:\/\/www.3dimge.com\/tr\/?s={search_term_string}\"},\"query-input\":{\"@type\":\"PropertyValueSpecification\",\"valueRequired\":true,\"valueName\":\"search_term_string\"}}],\"inLanguage\":\"tr\"},{\"@type\":\"Organization\",\"@id\":\"https:\/\/www.3dimge.com\/tr\/#organization\",\"name\":\"3Dimge\",\"alternateName\":\"3Dimge\",\"url\":\"https:\/\/www.3dimge.com\/tr\/\",\"logo\":{\"@type\":\"ImageObject\",\"inLanguage\":\"tr\",\"@id\":\"https:\/\/www.3dimge.com\/tr\/#\/schema\/logo\/image\/\",\"url\":\"https:\/\/www.3dimge.com\/wp-content\/uploads\/2023\/10\/3dimge-anim-logo-mini128-pixel.gif\",\"contentUrl\":\"https:\/\/www.3dimge.com\/wp-content\/uploads\/2023\/10\/3dimge-anim-logo-mini128-pixel.gif\",\"width\":128,\"height\":128,\"caption\":\"3Dimge\"},\"image\":{\"@id\":\"https:\/\/www.3dimge.com\/tr\/#\/schema\/logo\/image\/\"},\"sameAs\":[\"https:\/\/www.facebook.com\/3Dimge\",\"https:\/\/www.instagram.com\/3dimge\"]}]}<\/script>\n<!-- \/ Yoast SEO plugin. -->","yoast_head_json":{"title":"3Dimge - Ki\u015fiye \u00d6zel Lenticular Bask\u0131, Poster, Kart, Hediye, hareketli resim","description":"Lenticular ya da merceksi g\u00f6rseller, bir \u00e7o\u011fumuzun taso ya da sak\u0131zlardan bildi\u011fimiz hareketli, ya da de\u011fi\u015fen g\u00f6rselleri olu\u015fturmaya sa\u011flayan, \u00e7o\u011fu zaman \u015fa\u015fk\u0131nl\u0131k ve ilgi oda\u011f\u0131 olan g\u00f6rsellerdir. Ki\u015fiye \u00f6zel lenticular bask\u0131(merceksi) \u00fcr\u00fcnlerimiz aras\u0131nda en ak\u0131lda kal\u0131c\u0131 ve \u00f6zg\u00fcn hediyenizi buradan bulabilirsiniz.","robots":{"index":"index","follow":"follow","max-snippet":"max-snippet:-1","max-image-preview":"max-image-preview:large","max-video-preview":"max-video-preview:-1"},"canonical":"https:\/\/www.3dimge.com\/tr\/","og_locale":"tr_TR","og_type":"article","og_title":"3Dimge - Ki\u015fiye \u00d6zel Lenticular Bask\u0131, Poster, Kart, Hediye, hareketli resim","og_description":"Lenticular ya da merceksi g\u00f6rseller, bir \u00e7o\u011fumuzun taso ya da sak\u0131zlardan bildi\u011fimiz hareketli, ya da de\u011fi\u015fen g\u00f6rselleri olu\u015fturmaya sa\u011flayan, \u00e7o\u011fu zaman \u015fa\u015fk\u0131nl\u0131k ve ilgi oda\u011f\u0131 olan g\u00f6rsellerdir. Ki\u015fiye \u00f6zel lenticular bask\u0131(merceksi) \u00fcr\u00fcnlerimiz aras\u0131nda en ak\u0131lda kal\u0131c\u0131 ve \u00f6zg\u00fcn hediyenizi buradan bulabilirsiniz.","og_url":"https:\/\/www.3dimge.com\/tr\/","og_site_name":"3Dimge","article_publisher":"https:\/\/www.facebook.com\/3Dimge","article_modified_time":"2025-06-21T20:08:22+00:00","og_image":[{"width":500,"height":500,"url":"https:\/\/www.3dimge.com\/wp-content\/uploads\/2020\/05\/PROD_001_Kart_Sample3.gif","type":"image\/gif"}],"twitter_card":"summary_large_image","twitter_misc":{"Tahmini okuma s\u00fcresi":"1 dakika"},"schema":{"@context":"https:\/\/schema.org","@graph":[{"@type":"WebPage","@id":"https:\/\/www.3dimge.com\/tr\/","url":"https:\/\/www.3dimge.com\/tr\/","name":"3Dimge - Ki\u015fiye \u00d6zel Lenticular Bask\u0131, Poster, Kart, Hediye, hareketli resim","isPartOf":{"@id":"https:\/\/www.3dimge.com\/tr\/#website"},"datePublished":"2019-11-02T12:26:46+00:00","dateModified":"2025-06-21T20:08:22+00:00","description":"Lenticular ya da merceksi g\u00f6rseller, bir \u00e7o\u011fumuzun taso ya da sak\u0131zlardan bildi\u011fimiz hareketli, ya da de\u011fi\u015fen g\u00f6rselleri olu\u015fturmaya sa\u011flayan, \u00e7o\u011fu zaman \u015fa\u015fk\u0131nl\u0131k ve ilgi oda\u011f\u0131 olan g\u00f6rsellerdir. Ki\u015fiye \u00f6zel lenticular bask\u0131(merceksi) \u00fcr\u00fcnlerimiz aras\u0131nda en ak\u0131lda kal\u0131c\u0131 ve \u00f6zg\u00fcn hediyenizi buradan bulabilirsiniz.","breadcrumb":{"@id":"https:\/\/www.3dimge.com\/tr\/#breadcrumb"},"inLanguage":"tr","potentialAction":[{"@type":"ReadAction","target":["https:\/\/www.3dimge.com\/tr\/"]}]},{"@type":"BreadcrumbList","@id":"https:\/\/www.3dimge.com\/tr\/#breadcrumb","itemListElement":[{"@type":"ListItem","position":1,"name":"Anasayfa","item":"https:\/\/www.3dimge.com\/tr\/"},{"@type":"ListItem","position":2,"name":"Anasayfa"}]},{"@type":"WebSite","@id":"https:\/\/www.3dimge.com\/tr\/#website","url":"https:\/\/www.3dimge.com\/tr\/","name":"3Dimge","description":"G\u00f6z al\u0131c\u0131 merceksi bask\u0131 \u00fcr\u00fcnler!","publisher":{"@id":"https:\/\/www.3dimge.com\/tr\/#organization"},"potentialAction":[{"@type":"SearchAction","target":{"@type":"EntryPoint","urlTemplate":"https:\/\/www.3dimge.com\/tr\/?s={search_term_string}"},"query-input":{"@type":"PropertyValueSpecification","valueRequired":true,"valueName":"search_term_string"}}],"inLanguage":"tr"},{"@type":"Organization","@id":"https:\/\/www.3dimge.com\/tr\/#organization","name":"3Dimge","alternateName":"3Dimge","url":"https:\/\/www.3dimge.com\/tr\/","logo":{"@type":"ImageObject","inLanguage":"tr","@id":"https:\/\/www.3dimge.com\/tr\/#\/schema\/logo\/image\/","url":"https:\/\/www.3dimge.com\/wp-content\/uploads\/2023\/10\/3dimge-anim-logo-mini128-pixel.gif","contentUrl":"https:\/\/www.3dimge.com\/wp-content\/uploads\/2023\/10\/3dimge-anim-logo-mini128-pixel.gif","width":128,"height":128,"caption":"3Dimge"},"image":{"@id":"https:\/\/www.3dimge.com\/tr\/#\/schema\/logo\/image\/"},"sameAs":["https:\/\/www.facebook.com\/3Dimge","https:\/\/www.instagram.com\/3dimge"]}]}},"_links":{"self":[{"href":"https:\/\/www.3dimge.com\/tr\/wp-json\/wp\/v2\/pages\/37","targetHints":{"allow":["GET"]}}],"collection":[{"href":"https:\/\/www.3dimge.com\/tr\/wp-json\/wp\/v2\/pages"}],"about":[{"href":"https:\/\/www.3dimge.com\/tr\/wp-json\/wp\/v2\/types\/page"}],"author":[{"embeddable":true,"href":"https:\/\/www.3dimge.com\/tr\/wp-json\/wp\/v2\/users\/1"}],"replies":[{"embeddable":true,"href":"https:\/\/www.3dimge.com\/tr\/wp-json\/wp\/v2\/comments?post=37"}],"version-history":[{"count":17,"href":"https:\/\/www.3dimge.com\/tr\/wp-json\/wp\/v2\/pages\/37\/revisions"}],"predecessor-version":[{"id":4687,"href":"https:\/\/www.3dimge.com\/tr\/wp-json\/wp\/v2\/pages\/37\/revisions\/4687"}],"wp:attachment":[{"href":"https:\/\/www.3dimge.com\/tr\/wp-json\/wp\/v2\/media?parent=37"}],"curies":[{"name":"wp","href":"https:\/\/api.w.org\/{rel}","templated":true}]}}