{"id":605,"date":"2019-12-20T21:48:49","date_gmt":"2019-12-20T18:48:49","guid":{"rendered":"http:\/\/shop.3dimge.com\/?page_id=605"},"modified":"2023-10-11T21:54:00","modified_gmt":"2023-10-11T18:54:00","slug":"gizlilik","status":"publish","type":"page","link":"https:\/\/www.3dimge.com\/tr\/gizlilik\/","title":{"rendered":"Gizlilik ve Kullan\u0131m \u015eartlar\u0131"},"content":{"rendered":"\n<p>De\u011ferli WWW.3DIMGE.COM \u00dcyesi,<br> <br> WWW.3DIMGE.COM, m\u00fc\u015fterilerine hizmetlerini ger\u00e7ekle\u015ftirebilmek amac\u0131yla baz\u0131 ki\u015fisel bilgilerinizi (isim, e-posta vb.) sizlerden talep etmektedir.<br> <br>WWW.3DIMGE.COM sunucular\u0131nda toplanan bu bilgiler, d\u00f6nemsel kampanya \u00e7al\u0131\u015fmalar\u0131, m\u00fc\u015fteri profillerine y\u00f6nelik \u00f6zel promosyon faaliyetlerinin kurgulanmas\u0131 ve istenmeyen e-postalar\u0131n iletilmemesine y\u00f6nelik m\u00fc\u015fteri &#8220;s\u0131n\u0131fland\u0131rma&#8221; \u00e7al\u0131\u015fmalar\u0131nda sadece WWW.3DIMGE.COM b\u00fcnyesinde kullan\u0131lmaktad\u0131r.<br> <br>WWW.3DIMGE.COM, \u00fcyelik formlar\u0131ndan toplad\u0131\u011f\u0131 bilgileri, s\u00f6z konusu \u00fcyenin haberi ya da aksi bir talimat\u0131 olmaks\u0131z\u0131n, \u00fc\u00e7\u00fcnc\u00fc \u015fah\u0131slarla kesinlikle payla\u015fmamakta, faaliyet d\u0131\u015f\u0131 hi\u00e7bir nedenle ticari ama\u00e7la kullanmamakta ve de satmamaktad\u0131r.<br> <br>WWW.3DIMGE.COM, e-posta adresleri ve \u00fcyelik formlar\u0131nda istedi\u011fi ki\u015fisel bilgilerin haricinde site kullan\u0131m\u0131 s\u0131ras\u0131nda izledi\u011fi, ziyaret\u00e7i hareket ve tercihlerini analiz ederek yorumlamaktad\u0131r.<br> <br>Ki\u015fisel bilgiler i\u00e7ermeyen bu istatistiksel veriler, WWW.3DIMGE.COM m\u00fc\u015fterilerine daha \u00f6zel ve etkin bir al\u0131\u015fveri\u015f deneyimi ya\u015fatmak amac\u0131yla WWW.3DIMGE.COM i\u015f ortaklar\u0131 ile payla\u015f\u0131labilmektedir.<br> <br>M\u00fc\u015fteri bilgileri, ancak resmi makamlarca usul\u00fc dairesinde bu bilgilerin talep edilmesi halinde ve y\u00fcr\u00fcrl\u00fckteki emredici mevzuat h\u00fck\u00fcmleri gere\u011fince resmi makamlara a\u00e7\u0131klama yapmak zorunda oldu\u011fu durumlarda resmi makamlara a\u00e7\u0131klanabilecektir. M\u00fc\u015fterinin sisteme girdi\u011fi t\u00fcm bilgilere sadece M\u00fc\u015fteri ula\u015fabilmekte ve bu bilgileri sadece M\u00fc\u015fteri de\u011fi\u015ftirebilmektedir. Bir ba\u015fkas\u0131n\u0131n bu bilgilere ula\u015fmas\u0131 ve bunlar\u0131 de\u011fi\u015ftirmesi m\u00fcmk\u00fcn de\u011fildir.<br> <br>\u00d6deme sayfas\u0131nda istenen kredi kart\u0131 bilgileriniz, siteden al\u0131\u015fveri\u015f yapan siz de\u011ferli m\u00fc\u015fterilerimizin g\u00fcvenli\u011fini en \u00fcst seviyede tutmak amac\u0131yla hi\u00e7bir \u015fekilde WWW.3DIMGE.COM veya ona hizmet veren \u015firketlerin sunucular\u0131nda tutulmamaktad\u0131r. Bu \u015fekilde \u00f6demeye y\u00f6nelik t\u00fcm i\u015flemlerin WWW.3DIMGE.COM aray\u00fcz\u00fc \u00fczerinden banka ve bilgisayar\u0131n\u0131z aras\u0131nda ger\u00e7ekle\u015fmesi sa\u011flanmaktad\u0131r.<br> <br>\u00dcyelerimiz, WWW.3DIMGE.COM\u2019a ba\u015fvurarak kendisiyle ilgili;<\/p>\n\n\n\n<ul class=\"wp-block-list\">\n<li>Ki\u015fisel verilerin i\u015flenip i\u015flenmedi\u011fini \u00f6\u011frenme,<\/li>\n\n\n\n<li>Ki\u015fisel verileri i\u015flenmi\u015fse buna ili\u015fkin bilgi talep etme,<\/li>\n\n\n\n<li>Ki\u015fisel verilerin i\u015flenme amac\u0131n\u0131 ve bunlar\u0131n amac\u0131na uygun kullan\u0131l\u0131p kullan\u0131lmad\u0131\u011f\u0131n\u0131 \u00f6\u011frenme,<\/li>\n\n\n\n<li>Yurt i\u00e7inde veya yurt d\u0131\u015f\u0131nda ki\u015fisel verilerin aktar\u0131ld\u0131\u011f\u0131 \u00fc\u00e7\u00fcnc\u00fc ki\u015fileri bilme,<\/li>\n\n\n\n<li>Ki\u015fisel verilerin eksik veya yanl\u0131\u015f i\u015flenmi\u015f olmas\u0131 halinde bunlar\u0131n d\u00fczeltilmesini isteme,<\/li>\n\n\n\n<li>\u0130lgili mevzuatta \u00f6ng\u00f6r\u00fclen \u015fartlar \u00e7er\u00e7evesinde ki\u015fisel verilerin silinmesini veya yok edilmesini isteme,<\/li>\n\n\n\n<li>\u0130lgili mevzuat uyar\u0131nca yap\u0131lan d\u00fczeltme, silme ve yok edilme i\u015flemlerinin, ki\u015fisel verilerin aktar\u0131ld\u0131\u011f\u0131 \u00fc\u00e7\u00fcnc\u00fc ki\u015filere bildirilmesini isteme,<\/li>\n<\/ul>\n\n\n\n<p> haklar\u0131na sahiptir. <\/p>\n\n\n\n<p> <\/p>\n","protected":false},"excerpt":{"rendered":"<p>De\u011ferli WWW.3DIMGE.COM \u00dcyesi, WWW.3DIMGE.COM, m\u00fc\u015fterilerine hizmetlerini ger\u00e7ekle\u015ftirebilmek amac\u0131yla baz\u0131 ki\u015fisel bilgilerinizi (isim, e-posta vb.) sizlerden talep etmektedir. WWW.3DIMGE.COM sunucular\u0131nda toplanan bu bilgiler, d\u00f6nemsel kampanya \u00e7al\u0131\u015fmalar\u0131, m\u00fc\u015fteri profillerine y\u00f6nelik \u00f6zel promosyon faaliyetlerinin kurgulanmas\u0131 ve istenmeyen e-postalar\u0131n iletilmemesine y\u00f6nelik m\u00fc\u015fteri &#8220;s\u0131n\u0131fland\u0131rma&#8221; \u00e7al\u0131\u015fmalar\u0131nda sadece WWW.3DIMGE.COM b\u00fcnyesinde kullan\u0131lmaktad\u0131r. WWW.3DIMGE.COM, \u00fcyelik formlar\u0131ndan toplad\u0131\u011f\u0131 bilgileri, s\u00f6z&hellip; <\/p>\n","protected":false},"author":1,"featured_media":0,"parent":0,"menu_order":0,"comment_status":"closed","ping_status":"closed","template":"","meta":{"footnotes":""},"class_list":["post-605","page","type-page","status-publish","hentry"],"yoast_head":"<!-- This site is optimized with the Yoast SEO plugin v27.1.1 - https:\/\/yoast.com\/product\/yoast-seo-wordpress\/ -->\n<title>Gizlilik ve Kullan\u0131m \u015eartlar\u0131 - 3Dimge<\/title>\n<meta name=\"robots\" content=\"index, follow, max-snippet:-1, max-image-preview:large, max-video-preview:-1\" \/>\n<link rel=\"canonical\" href=\"https:\/\/www.3dimge.com\/tr\/gizlilik\/\" \/>\n<meta property=\"og:locale\" content=\"tr_TR\" \/>\n<meta property=\"og:type\" content=\"article\" \/>\n<meta property=\"og:title\" content=\"Gizlilik ve Kullan\u0131m \u015eartlar\u0131 - 3Dimge\" \/>\n<meta property=\"og:description\" content=\"De\u011ferli WWW.3DIMGE.COM \u00dcyesi, WWW.3DIMGE.COM, m\u00fc\u015fterilerine hizmetlerini ger\u00e7ekle\u015ftirebilmek amac\u0131yla baz\u0131 ki\u015fisel bilgilerinizi (isim, e-posta vb.) sizlerden talep etmektedir. WWW.3DIMGE.COM sunucular\u0131nda toplanan bu bilgiler, d\u00f6nemsel kampanya \u00e7al\u0131\u015fmalar\u0131, m\u00fc\u015fteri profillerine y\u00f6nelik \u00f6zel promosyon faaliyetlerinin kurgulanmas\u0131 ve istenmeyen e-postalar\u0131n iletilmemesine y\u00f6nelik m\u00fc\u015fteri &#8220;s\u0131n\u0131fland\u0131rma&#8221; \u00e7al\u0131\u015fmalar\u0131nda sadece WWW.3DIMGE.COM b\u00fcnyesinde kullan\u0131lmaktad\u0131r. WWW.3DIMGE.COM, \u00fcyelik formlar\u0131ndan toplad\u0131\u011f\u0131 bilgileri, s\u00f6z&hellip;\" \/>\n<meta property=\"og:url\" content=\"https:\/\/www.3dimge.com\/tr\/gizlilik\/\" \/>\n<meta property=\"og:site_name\" content=\"3Dimge\" \/>\n<meta property=\"article:publisher\" content=\"https:\/\/www.facebook.com\/3Dimge\" \/>\n<meta property=\"article:modified_time\" content=\"2023-10-11T18:54:00+00:00\" \/>\n<meta property=\"og:image\" content=\"https:\/\/www.3dimge.com\/wp-content\/uploads\/2020\/05\/PROD_001_Kart_Sample3.gif\" \/>\n\t<meta property=\"og:image:width\" content=\"500\" \/>\n\t<meta property=\"og:image:height\" content=\"500\" \/>\n\t<meta property=\"og:image:type\" content=\"image\/gif\" \/>\n<meta name=\"twitter:card\" content=\"summary_large_image\" \/>\n<meta name=\"twitter:label1\" content=\"Tahmini okuma s\u00fcresi\" \/>\n\t<meta name=\"twitter:data1\" content=\"2 dakika\" \/>\n<script type=\"application\/ld+json\" class=\"yoast-schema-graph\">{\"@context\":\"https:\/\/schema.org\",\"@graph\":[{\"@type\":\"WebPage\",\"@id\":\"https:\/\/www.3dimge.com\/tr\/gizlilik\/\",\"url\":\"https:\/\/www.3dimge.com\/tr\/gizlilik\/\",\"name\":\"Gizlilik ve Kullan\u0131m \u015eartlar\u0131 - 3Dimge\",\"isPartOf\":{\"@id\":\"https:\/\/www.3dimge.com\/tr\/#website\"},\"datePublished\":\"2019-12-20T18:48:49+00:00\",\"dateModified\":\"2023-10-11T18:54:00+00:00\",\"breadcrumb\":{\"@id\":\"https:\/\/www.3dimge.com\/tr\/gizlilik\/#breadcrumb\"},\"inLanguage\":\"tr\",\"potentialAction\":[{\"@type\":\"ReadAction\",\"target\":[\"https:\/\/www.3dimge.com\/tr\/gizlilik\/\"]}]},{\"@type\":\"BreadcrumbList\",\"@id\":\"https:\/\/www.3dimge.com\/tr\/gizlilik\/#breadcrumb\",\"itemListElement\":[{\"@type\":\"ListItem\",\"position\":1,\"name\":\"Anasayfa\",\"item\":\"https:\/\/www.3dimge.com\/tr\/\"},{\"@type\":\"ListItem\",\"position\":2,\"name\":\"Gizlilik ve Kullan\u0131m \u015eartlar\u0131\"}]},{\"@type\":\"WebSite\",\"@id\":\"https:\/\/www.3dimge.com\/tr\/#website\",\"url\":\"https:\/\/www.3dimge.com\/tr\/\",\"name\":\"3Dimge\",\"description\":\"G\u00f6z al\u0131c\u0131 merceksi bask\u0131 \u00fcr\u00fcnler!\",\"publisher\":{\"@id\":\"https:\/\/www.3dimge.com\/tr\/#organization\"},\"potentialAction\":[{\"@type\":\"SearchAction\",\"target\":{\"@type\":\"EntryPoint\",\"urlTemplate\":\"https:\/\/www.3dimge.com\/tr\/?s={search_term_string}\"},\"query-input\":{\"@type\":\"PropertyValueSpecification\",\"valueRequired\":true,\"valueName\":\"search_term_string\"}}],\"inLanguage\":\"tr\"},{\"@type\":\"Organization\",\"@id\":\"https:\/\/www.3dimge.com\/tr\/#organization\",\"name\":\"3Dimge\",\"alternateName\":\"3Dimge\",\"url\":\"https:\/\/www.3dimge.com\/tr\/\",\"logo\":{\"@type\":\"ImageObject\",\"inLanguage\":\"tr\",\"@id\":\"https:\/\/www.3dimge.com\/tr\/#\/schema\/logo\/image\/\",\"url\":\"https:\/\/www.3dimge.com\/wp-content\/uploads\/2023\/10\/3dimge-anim-logo-mini128-pixel.gif\",\"contentUrl\":\"https:\/\/www.3dimge.com\/wp-content\/uploads\/2023\/10\/3dimge-anim-logo-mini128-pixel.gif\",\"width\":128,\"height\":128,\"caption\":\"3Dimge\"},\"image\":{\"@id\":\"https:\/\/www.3dimge.com\/tr\/#\/schema\/logo\/image\/\"},\"sameAs\":[\"https:\/\/www.facebook.com\/3Dimge\",\"https:\/\/www.instagram.com\/3dimge\"]}]}<\/script>\n<!-- \/ Yoast SEO plugin. -->","yoast_head_json":{"title":"Gizlilik ve Kullan\u0131m \u015eartlar\u0131 - 3Dimge","robots":{"index":"index","follow":"follow","max-snippet":"max-snippet:-1","max-image-preview":"max-image-preview:large","max-video-preview":"max-video-preview:-1"},"canonical":"https:\/\/www.3dimge.com\/tr\/gizlilik\/","og_locale":"tr_TR","og_type":"article","og_title":"Gizlilik ve Kullan\u0131m \u015eartlar\u0131 - 3Dimge","og_description":"De\u011ferli WWW.3DIMGE.COM \u00dcyesi, WWW.3DIMGE.COM, m\u00fc\u015fterilerine hizmetlerini ger\u00e7ekle\u015ftirebilmek amac\u0131yla baz\u0131 ki\u015fisel bilgilerinizi (isim, e-posta vb.) sizlerden talep etmektedir. WWW.3DIMGE.COM sunucular\u0131nda toplanan bu bilgiler, d\u00f6nemsel kampanya \u00e7al\u0131\u015fmalar\u0131, m\u00fc\u015fteri profillerine y\u00f6nelik \u00f6zel promosyon faaliyetlerinin kurgulanmas\u0131 ve istenmeyen e-postalar\u0131n iletilmemesine y\u00f6nelik m\u00fc\u015fteri &#8220;s\u0131n\u0131fland\u0131rma&#8221; \u00e7al\u0131\u015fmalar\u0131nda sadece WWW.3DIMGE.COM b\u00fcnyesinde kullan\u0131lmaktad\u0131r. WWW.3DIMGE.COM, \u00fcyelik formlar\u0131ndan toplad\u0131\u011f\u0131 bilgileri, s\u00f6z&hellip;","og_url":"https:\/\/www.3dimge.com\/tr\/gizlilik\/","og_site_name":"3Dimge","article_publisher":"https:\/\/www.facebook.com\/3Dimge","article_modified_time":"2023-10-11T18:54:00+00:00","og_image":[{"width":500,"height":500,"url":"https:\/\/www.3dimge.com\/wp-content\/uploads\/2020\/05\/PROD_001_Kart_Sample3.gif","type":"image\/gif"}],"twitter_card":"summary_large_image","twitter_misc":{"Tahmini okuma s\u00fcresi":"2 dakika"},"schema":{"@context":"https:\/\/schema.org","@graph":[{"@type":"WebPage","@id":"https:\/\/www.3dimge.com\/tr\/gizlilik\/","url":"https:\/\/www.3dimge.com\/tr\/gizlilik\/","name":"Gizlilik ve Kullan\u0131m \u015eartlar\u0131 - 3Dimge","isPartOf":{"@id":"https:\/\/www.3dimge.com\/tr\/#website"},"datePublished":"2019-12-20T18:48:49+00:00","dateModified":"2023-10-11T18:54:00+00:00","breadcrumb":{"@id":"https:\/\/www.3dimge.com\/tr\/gizlilik\/#breadcrumb"},"inLanguage":"tr","potentialAction":[{"@type":"ReadAction","target":["https:\/\/www.3dimge.com\/tr\/gizlilik\/"]}]},{"@type":"BreadcrumbList","@id":"https:\/\/www.3dimge.com\/tr\/gizlilik\/#breadcrumb","itemListElement":[{"@type":"ListItem","position":1,"name":"Anasayfa","item":"https:\/\/www.3dimge.com\/tr\/"},{"@type":"ListItem","position":2,"name":"Gizlilik ve Kullan\u0131m \u015eartlar\u0131"}]},{"@type":"WebSite","@id":"https:\/\/www.3dimge.com\/tr\/#website","url":"https:\/\/www.3dimge.com\/tr\/","name":"3Dimge","description":"G\u00f6z al\u0131c\u0131 merceksi bask\u0131 \u00fcr\u00fcnler!","publisher":{"@id":"https:\/\/www.3dimge.com\/tr\/#organization"},"potentialAction":[{"@type":"SearchAction","target":{"@type":"EntryPoint","urlTemplate":"https:\/\/www.3dimge.com\/tr\/?s={search_term_string}"},"query-input":{"@type":"PropertyValueSpecification","valueRequired":true,"valueName":"search_term_string"}}],"inLanguage":"tr"},{"@type":"Organization","@id":"https:\/\/www.3dimge.com\/tr\/#organization","name":"3Dimge","alternateName":"3Dimge","url":"https:\/\/www.3dimge.com\/tr\/","logo":{"@type":"ImageObject","inLanguage":"tr","@id":"https:\/\/www.3dimge.com\/tr\/#\/schema\/logo\/image\/","url":"https:\/\/www.3dimge.com\/wp-content\/uploads\/2023\/10\/3dimge-anim-logo-mini128-pixel.gif","contentUrl":"https:\/\/www.3dimge.com\/wp-content\/uploads\/2023\/10\/3dimge-anim-logo-mini128-pixel.gif","width":128,"height":128,"caption":"3Dimge"},"image":{"@id":"https:\/\/www.3dimge.com\/tr\/#\/schema\/logo\/image\/"},"sameAs":["https:\/\/www.facebook.com\/3Dimge","https:\/\/www.instagram.com\/3dimge"]}]}},"_links":{"self":[{"href":"https:\/\/www.3dimge.com\/tr\/wp-json\/wp\/v2\/pages\/605","targetHints":{"allow":["GET"]}}],"collection":[{"href":"https:\/\/www.3dimge.com\/tr\/wp-json\/wp\/v2\/pages"}],"about":[{"href":"https:\/\/www.3dimge.com\/tr\/wp-json\/wp\/v2\/types\/page"}],"author":[{"embeddable":true,"href":"https:\/\/www.3dimge.com\/tr\/wp-json\/wp\/v2\/users\/1"}],"replies":[{"embeddable":true,"href":"https:\/\/www.3dimge.com\/tr\/wp-json\/wp\/v2\/comments?post=605"}],"version-history":[{"count":5,"href":"https:\/\/www.3dimge.com\/tr\/wp-json\/wp\/v2\/pages\/605\/revisions"}],"predecessor-version":[{"id":3299,"href":"https:\/\/www.3dimge.com\/tr\/wp-json\/wp\/v2\/pages\/605\/revisions\/3299"}],"wp:attachment":[{"href":"https:\/\/www.3dimge.com\/tr\/wp-json\/wp\/v2\/media?parent=605"}],"curies":[{"name":"wp","href":"https:\/\/api.w.org\/{rel}","templated":true}]}}