{"id":8,"date":"2019-11-01T22:05:14","date_gmt":"2019-11-01T22:05:14","guid":{"rendered":"http:\/\/shop.3dimge.com\/?page_id=8"},"modified":"2023-10-21T16:25:40","modified_gmt":"2023-10-21T13:25:40","slug":"my-account","status":"publish","type":"page","link":"https:\/\/www.3dimge.com\/tr\/my-account\/","title":{"rendered":"Hesab\u0131m"},"content":{"rendered":"<div class=\"woocommerce\"><\/div>\n","protected":false},"excerpt":{"rendered":"","protected":false},"author":1,"featured_media":0,"parent":0,"menu_order":0,"comment_status":"closed","ping_status":"closed","template":"","meta":{"footnotes":""},"class_list":["post-8","page","type-page","status-publish","hentry"],"yoast_head":"<!-- This site is optimized with the Yoast SEO plugin v27.1.1 - https:\/\/yoast.com\/product\/yoast-seo-wordpress\/ -->\n<title>Hesab\u0131m - 3Dimge<\/title>\n<meta name=\"robots\" content=\"index, follow, max-snippet:-1, max-image-preview:large, max-video-preview:-1\" \/>\n<link rel=\"canonical\" href=\"https:\/\/www.3dimge.com\/tr\/my-account\/\" \/>\n<meta property=\"og:locale\" content=\"tr_TR\" \/>\n<meta property=\"og:type\" content=\"article\" \/>\n<meta property=\"og:title\" content=\"Hesab\u0131m - 3Dimge\" \/>\n<meta property=\"og:url\" content=\"https:\/\/www.3dimge.com\/tr\/my-account\/\" \/>\n<meta property=\"og:site_name\" content=\"3Dimge\" \/>\n<meta property=\"article:publisher\" content=\"https:\/\/www.facebook.com\/3Dimge\" \/>\n<meta property=\"article:modified_time\" content=\"2023-10-21T13:25:40+00:00\" \/>\n<meta property=\"og:image\" content=\"https:\/\/www.3dimge.com\/wp-content\/uploads\/2020\/05\/PROD_001_Kart_Sample3.gif\" \/>\n\t<meta property=\"og:image:width\" content=\"500\" \/>\n\t<meta property=\"og:image:height\" content=\"500\" \/>\n\t<meta property=\"og:image:type\" content=\"image\/gif\" \/>\n<meta name=\"twitter:card\" content=\"summary_large_image\" \/>\n<meta name=\"twitter:label1\" content=\"Tahmini okuma s\u00fcresi\" \/>\n\t<meta name=\"twitter:data1\" content=\"1 dakika\" \/>\n<script type=\"application\/ld+json\" class=\"yoast-schema-graph\">{\"@context\":\"https:\/\/schema.org\",\"@graph\":[{\"@type\":\"WebPage\",\"@id\":\"https:\/\/www.3dimge.com\/tr\/my-account\/\",\"url\":\"https:\/\/www.3dimge.com\/tr\/my-account\/\",\"name\":\"Hesab\u0131m - 3Dimge\",\"isPartOf\":{\"@id\":\"https:\/\/www.3dimge.com\/tr\/#website\"},\"datePublished\":\"2019-11-01T22:05:14+00:00\",\"dateModified\":\"2023-10-21T13:25:40+00:00\",\"breadcrumb\":{\"@id\":\"https:\/\/www.3dimge.com\/tr\/my-account\/#breadcrumb\"},\"inLanguage\":\"tr\",\"potentialAction\":[{\"@type\":\"ReadAction\",\"target\":[\"https:\/\/www.3dimge.com\/tr\/my-account\/\"]}]},{\"@type\":\"BreadcrumbList\",\"@id\":\"https:\/\/www.3dimge.com\/tr\/my-account\/#breadcrumb\",\"itemListElement\":[{\"@type\":\"ListItem\",\"position\":1,\"name\":\"Anasayfa\",\"item\":\"https:\/\/www.3dimge.com\/tr\/\"},{\"@type\":\"ListItem\",\"position\":2,\"name\":\"Hesab\u0131m\"}]},{\"@type\":\"WebSite\",\"@id\":\"https:\/\/www.3dimge.com\/tr\/#website\",\"url\":\"https:\/\/www.3dimge.com\/tr\/\",\"name\":\"3Dimge\",\"description\":\"G\u00f6z al\u0131c\u0131 merceksi bask\u0131 \u00fcr\u00fcnler!\",\"publisher\":{\"@id\":\"https:\/\/www.3dimge.com\/tr\/#organization\"},\"potentialAction\":[{\"@type\":\"SearchAction\",\"target\":{\"@type\":\"EntryPoint\",\"urlTemplate\":\"https:\/\/www.3dimge.com\/tr\/?s={search_term_string}\"},\"query-input\":{\"@type\":\"PropertyValueSpecification\",\"valueRequired\":true,\"valueName\":\"search_term_string\"}}],\"inLanguage\":\"tr\"},{\"@type\":\"Organization\",\"@id\":\"https:\/\/www.3dimge.com\/tr\/#organization\",\"name\":\"3Dimge\",\"alternateName\":\"3Dimge\",\"url\":\"https:\/\/www.3dimge.com\/tr\/\",\"logo\":{\"@type\":\"ImageObject\",\"inLanguage\":\"tr\",\"@id\":\"https:\/\/www.3dimge.com\/tr\/#\/schema\/logo\/image\/\",\"url\":\"https:\/\/www.3dimge.com\/wp-content\/uploads\/2023\/10\/3dimge-anim-logo-mini128-pixel.gif\",\"contentUrl\":\"https:\/\/www.3dimge.com\/wp-content\/uploads\/2023\/10\/3dimge-anim-logo-mini128-pixel.gif\",\"width\":128,\"height\":128,\"caption\":\"3Dimge\"},\"image\":{\"@id\":\"https:\/\/www.3dimge.com\/tr\/#\/schema\/logo\/image\/\"},\"sameAs\":[\"https:\/\/www.facebook.com\/3Dimge\",\"https:\/\/www.instagram.com\/3dimge\"]}]}<\/script>\n<!-- \/ Yoast SEO plugin. -->","yoast_head_json":{"title":"Hesab\u0131m - 3Dimge","robots":{"index":"index","follow":"follow","max-snippet":"max-snippet:-1","max-image-preview":"max-image-preview:large","max-video-preview":"max-video-preview:-1"},"canonical":"https:\/\/www.3dimge.com\/tr\/my-account\/","og_locale":"tr_TR","og_type":"article","og_title":"Hesab\u0131m - 3Dimge","og_url":"https:\/\/www.3dimge.com\/tr\/my-account\/","og_site_name":"3Dimge","article_publisher":"https:\/\/www.facebook.com\/3Dimge","article_modified_time":"2023-10-21T13:25:40+00:00","og_image":[{"width":500,"height":500,"url":"https:\/\/www.3dimge.com\/wp-content\/uploads\/2020\/05\/PROD_001_Kart_Sample3.gif","type":"image\/gif"}],"twitter_card":"summary_large_image","twitter_misc":{"Tahmini okuma s\u00fcresi":"1 dakika"},"schema":{"@context":"https:\/\/schema.org","@graph":[{"@type":"WebPage","@id":"https:\/\/www.3dimge.com\/tr\/my-account\/","url":"https:\/\/www.3dimge.com\/tr\/my-account\/","name":"Hesab\u0131m - 3Dimge","isPartOf":{"@id":"https:\/\/www.3dimge.com\/tr\/#website"},"datePublished":"2019-11-01T22:05:14+00:00","dateModified":"2023-10-21T13:25:40+00:00","breadcrumb":{"@id":"https:\/\/www.3dimge.com\/tr\/my-account\/#breadcrumb"},"inLanguage":"tr","potentialAction":[{"@type":"ReadAction","target":["https:\/\/www.3dimge.com\/tr\/my-account\/"]}]},{"@type":"BreadcrumbList","@id":"https:\/\/www.3dimge.com\/tr\/my-account\/#breadcrumb","itemListElement":[{"@type":"ListItem","position":1,"name":"Anasayfa","item":"https:\/\/www.3dimge.com\/tr\/"},{"@type":"ListItem","position":2,"name":"Hesab\u0131m"}]},{"@type":"WebSite","@id":"https:\/\/www.3dimge.com\/tr\/#website","url":"https:\/\/www.3dimge.com\/tr\/","name":"3Dimge","description":"G\u00f6z al\u0131c\u0131 merceksi bask\u0131 \u00fcr\u00fcnler!","publisher":{"@id":"https:\/\/www.3dimge.com\/tr\/#organization"},"potentialAction":[{"@type":"SearchAction","target":{"@type":"EntryPoint","urlTemplate":"https:\/\/www.3dimge.com\/tr\/?s={search_term_string}"},"query-input":{"@type":"PropertyValueSpecification","valueRequired":true,"valueName":"search_term_string"}}],"inLanguage":"tr"},{"@type":"Organization","@id":"https:\/\/www.3dimge.com\/tr\/#organization","name":"3Dimge","alternateName":"3Dimge","url":"https:\/\/www.3dimge.com\/tr\/","logo":{"@type":"ImageObject","inLanguage":"tr","@id":"https:\/\/www.3dimge.com\/tr\/#\/schema\/logo\/image\/","url":"https:\/\/www.3dimge.com\/wp-content\/uploads\/2023\/10\/3dimge-anim-logo-mini128-pixel.gif","contentUrl":"https:\/\/www.3dimge.com\/wp-content\/uploads\/2023\/10\/3dimge-anim-logo-mini128-pixel.gif","width":128,"height":128,"caption":"3Dimge"},"image":{"@id":"https:\/\/www.3dimge.com\/tr\/#\/schema\/logo\/image\/"},"sameAs":["https:\/\/www.facebook.com\/3Dimge","https:\/\/www.instagram.com\/3dimge"]}]}},"_links":{"self":[{"href":"https:\/\/www.3dimge.com\/tr\/wp-json\/wp\/v2\/pages\/8","targetHints":{"allow":["GET"]}}],"collection":[{"href":"https:\/\/www.3dimge.com\/tr\/wp-json\/wp\/v2\/pages"}],"about":[{"href":"https:\/\/www.3dimge.com\/tr\/wp-json\/wp\/v2\/types\/page"}],"author":[{"embeddable":true,"href":"https:\/\/www.3dimge.com\/tr\/wp-json\/wp\/v2\/users\/1"}],"replies":[{"embeddable":true,"href":"https:\/\/www.3dimge.com\/tr\/wp-json\/wp\/v2\/comments?post=8"}],"version-history":[{"count":1,"href":"https:\/\/www.3dimge.com\/tr\/wp-json\/wp\/v2\/pages\/8\/revisions"}],"predecessor-version":[{"id":3524,"href":"https:\/\/www.3dimge.com\/tr\/wp-json\/wp\/v2\/pages\/8\/revisions\/3524"}],"wp:attachment":[{"href":"https:\/\/www.3dimge.com\/tr\/wp-json\/wp\/v2\/media?parent=8"}],"curies":[{"name":"wp","href":"https:\/\/api.w.org\/{rel}","templated":true}]}}