{"id":4627,"date":"2025-06-21T22:34:14","date_gmt":"2025-06-21T19:34:14","guid":{"rendered":"https:\/\/www.3dimge.com\/?post_type=product&#038;p=4627"},"modified":"2025-06-21T22:37:16","modified_gmt":"2025-06-21T19:37:16","slug":"merceksi-kartpostal-galata-kulesi","status":"publish","type":"product","link":"https:\/\/www.3dimge.com\/tr\/shop\/kartpostal\/merceksi-kartpostal-galata-kulesi\/","title":{"rendered":"Merceksi Kartpostal &#8211; Galata Kulesi"},"content":{"rendered":"<p><strong>\u00d6zellikler<\/strong><\/p>\n<ul>\n<li>Merceksi \u0130stanbul Kartpostal<\/li>\n<li>\u0130stanbul Galata Kulesi<\/li>\n<li>Boyut 10cmx15cm<\/li>\n<li>A\u015fa\u011f\u0131&amp;yukar\u0131 de\u011fi\u015fim<\/li>\n<li>Detay \u00fcr\u00fcn bilgisi i\u00e7in <a href=\"http:\/\/www.3dimge.com\/product-0004\/\" target=\"_blank\" rel=\"noopener\">link<\/a><\/li>\n<\/ul>\n<p><strong>KDV ve Kargo<\/strong><\/p>\n<ul>\n<li>Fiyata KDV dahildir.<\/li>\n<li>Fiyata kargo maliyeti dahil <span style=\"text-decoration: underline;\"><em>de\u011fildir<\/em><\/span>.<\/li>\n<\/ul>\n<p><strong>\u00dcretim s\u00fcresi<\/strong><\/p>\n<p>3-5 i\u015f g\u00fcn\u00fc<\/p>\n<div style=\"width: 906px;\" class=\"wp-video\"><!--[if lt IE 9]><script>document.createElement('video');<\/script><![endif]-->\n<video class=\"wp-video-shortcode\" id=\"video-4627-1\" width=\"906\" height=\"1076\" preload=\"metadata\" controls=\"controls\"><source type=\"video\/mp4\" src=\"https:\/\/www.3dimge.com\/wp-content\/uploads\/2025\/06\/prod_004_vid1.mp4?_=1\" \/><a href=\"https:\/\/www.3dimge.com\/wp-content\/uploads\/2025\/06\/prod_004_vid1.mp4\">https:\/\/www.3dimge.com\/wp-content\/uploads\/2025\/06\/prod_004_vid1.mp4<\/a><\/video><\/div>\n","protected":false},"excerpt":{"rendered":"<p>Merceksi \u0130stanbul Kartpostal<\/p>\n","protected":false},"featured_media":4633,"template":"","meta":[],"product_brand":[],"product_cat":[505],"product_tag":[507],"class_list":{"0":"post-4627","1":"product","2":"type-product","3":"status-publish","4":"has-post-thumbnail","6":"product_cat-kartpostal","7":"product_tag-istanbul","8":"product_shipping_class-lenticular-card","10":"first","11":"outofstock","12":"shipping-taxable","13":"purchasable","14":"product-type-simple"},"yoast_head":"<!-- This site is optimized with the Yoast SEO plugin v27.1.1 - https:\/\/yoast.com\/product\/yoast-seo-wordpress\/ -->\n<title>Merceksi Kartpostal - Galata Kulesi -<\/title>\n<meta name=\"robots\" content=\"index, follow, max-snippet:-1, max-image-preview:large, max-video-preview:-1\" \/>\n<link rel=\"canonical\" href=\"https:\/\/www.3dimge.com\/tr\/shop\/kartpostal\/merceksi-kartpostal-galata-kulesi\/\" \/>\n<meta property=\"og:locale\" content=\"tr_TR\" \/>\n<meta property=\"og:type\" content=\"article\" \/>\n<meta property=\"og:title\" content=\"Merceksi Kartpostal - Galata Kulesi -\" \/>\n<meta property=\"og:description\" content=\"Merceksi \u0130stanbul Kartpostal\" \/>\n<meta property=\"og:url\" content=\"https:\/\/www.3dimge.com\/tr\/shop\/kartpostal\/merceksi-kartpostal-galata-kulesi\/\" \/>\n<meta property=\"og:site_name\" content=\"3Dimge\" \/>\n<meta property=\"article:publisher\" content=\"https:\/\/www.facebook.com\/3Dimge\" \/>\n<meta property=\"article:modified_time\" content=\"2025-06-21T19:37:16+00:00\" \/>\n<meta property=\"og:image\" content=\"https:\/\/www.3dimge.com\/wp-content\/uploads\/2025\/06\/Prod_004.png\" \/>\n\t<meta property=\"og:image:width\" content=\"1200\" \/>\n\t<meta property=\"og:image:height\" content=\"1200\" \/>\n\t<meta property=\"og:image:type\" content=\"image\/png\" \/>\n<meta name=\"twitter:card\" content=\"summary_large_image\" \/>\n<meta name=\"twitter:label1\" content=\"Tahmini okuma s\u00fcresi\" \/>\n\t<meta name=\"twitter:data1\" content=\"1 dakika\" \/>\n<script type=\"application\/ld+json\" class=\"yoast-schema-graph\">{\"@context\":\"https:\/\/schema.org\",\"@graph\":[{\"@type\":\"WebPage\",\"@id\":\"https:\/\/www.3dimge.com\/tr\/shop\/kartpostal\/merceksi-kartpostal-galata-kulesi\/\",\"url\":\"https:\/\/www.3dimge.com\/tr\/shop\/kartpostal\/merceksi-kartpostal-galata-kulesi\/\",\"name\":\"Merceksi Kartpostal - Galata Kulesi -\",\"isPartOf\":{\"@id\":\"https:\/\/www.3dimge.com\/tr\/#website\"},\"primaryImageOfPage\":{\"@id\":\"https:\/\/www.3dimge.com\/tr\/shop\/kartpostal\/merceksi-kartpostal-galata-kulesi\/#primaryimage\"},\"image\":{\"@id\":\"https:\/\/www.3dimge.com\/tr\/shop\/kartpostal\/merceksi-kartpostal-galata-kulesi\/#primaryimage\"},\"thumbnailUrl\":\"https:\/\/www.3dimge.com\/wp-content\/uploads\/2025\/06\/Prod_004.png\",\"datePublished\":\"2025-06-21T19:34:14+00:00\",\"dateModified\":\"2025-06-21T19:37:16+00:00\",\"breadcrumb\":{\"@id\":\"https:\/\/www.3dimge.com\/tr\/shop\/kartpostal\/merceksi-kartpostal-galata-kulesi\/#breadcrumb\"},\"inLanguage\":\"tr\",\"potentialAction\":[{\"@type\":\"ReadAction\",\"target\":[\"https:\/\/www.3dimge.com\/tr\/shop\/kartpostal\/merceksi-kartpostal-galata-kulesi\/\"]}]},{\"@type\":\"ImageObject\",\"inLanguage\":\"tr\",\"@id\":\"https:\/\/www.3dimge.com\/tr\/shop\/kartpostal\/merceksi-kartpostal-galata-kulesi\/#primaryimage\",\"url\":\"https:\/\/www.3dimge.com\/wp-content\/uploads\/2025\/06\/Prod_004.png\",\"contentUrl\":\"https:\/\/www.3dimge.com\/wp-content\/uploads\/2025\/06\/Prod_004.png\",\"width\":1200,\"height\":1200},{\"@type\":\"BreadcrumbList\",\"@id\":\"https:\/\/www.3dimge.com\/tr\/shop\/kartpostal\/merceksi-kartpostal-galata-kulesi\/#breadcrumb\",\"itemListElement\":[{\"@type\":\"ListItem\",\"position\":1,\"name\":\"Anasayfa\",\"item\":\"https:\/\/www.3dimge.com\/tr\/\"},{\"@type\":\"ListItem\",\"position\":2,\"name\":\"Ma\u011faza\",\"item\":\"https:\/\/www.3dimge.com\/3d-lenticular-poster-fotograf-sticker-baski\/\"},{\"@type\":\"ListItem\",\"position\":3,\"name\":\"Merceksi Kartpostal &#8211; Galata Kulesi\"}]},{\"@type\":\"WebSite\",\"@id\":\"https:\/\/www.3dimge.com\/tr\/#website\",\"url\":\"https:\/\/www.3dimge.com\/tr\/\",\"name\":\"3Dimge\",\"description\":\"G\u00f6z al\u0131c\u0131 merceksi bask\u0131 \u00fcr\u00fcnler!\",\"publisher\":{\"@id\":\"https:\/\/www.3dimge.com\/tr\/#organization\"},\"potentialAction\":[{\"@type\":\"SearchAction\",\"target\":{\"@type\":\"EntryPoint\",\"urlTemplate\":\"https:\/\/www.3dimge.com\/tr\/?s={search_term_string}\"},\"query-input\":{\"@type\":\"PropertyValueSpecification\",\"valueRequired\":true,\"valueName\":\"search_term_string\"}}],\"inLanguage\":\"tr\"},{\"@type\":\"Organization\",\"@id\":\"https:\/\/www.3dimge.com\/tr\/#organization\",\"name\":\"3Dimge\",\"alternateName\":\"3Dimge\",\"url\":\"https:\/\/www.3dimge.com\/tr\/\",\"logo\":{\"@type\":\"ImageObject\",\"inLanguage\":\"tr\",\"@id\":\"https:\/\/www.3dimge.com\/tr\/#\/schema\/logo\/image\/\",\"url\":\"https:\/\/www.3dimge.com\/wp-content\/uploads\/2023\/10\/3dimge-anim-logo-mini128-pixel.gif\",\"contentUrl\":\"https:\/\/www.3dimge.com\/wp-content\/uploads\/2023\/10\/3dimge-anim-logo-mini128-pixel.gif\",\"width\":128,\"height\":128,\"caption\":\"3Dimge\"},\"image\":{\"@id\":\"https:\/\/www.3dimge.com\/tr\/#\/schema\/logo\/image\/\"},\"sameAs\":[\"https:\/\/www.facebook.com\/3Dimge\",\"https:\/\/www.instagram.com\/3dimge\"]}]}<\/script>\n<!-- \/ Yoast SEO plugin. -->","yoast_head_json":{"title":"Merceksi Kartpostal - Galata Kulesi -","robots":{"index":"index","follow":"follow","max-snippet":"max-snippet:-1","max-image-preview":"max-image-preview:large","max-video-preview":"max-video-preview:-1"},"canonical":"https:\/\/www.3dimge.com\/tr\/shop\/kartpostal\/merceksi-kartpostal-galata-kulesi\/","og_locale":"tr_TR","og_type":"article","og_title":"Merceksi Kartpostal - Galata Kulesi -","og_description":"Merceksi \u0130stanbul Kartpostal","og_url":"https:\/\/www.3dimge.com\/tr\/shop\/kartpostal\/merceksi-kartpostal-galata-kulesi\/","og_site_name":"3Dimge","article_publisher":"https:\/\/www.facebook.com\/3Dimge","article_modified_time":"2025-06-21T19:37:16+00:00","og_image":[{"width":1200,"height":1200,"url":"https:\/\/www.3dimge.com\/wp-content\/uploads\/2025\/06\/Prod_004.png","type":"image\/png"}],"twitter_card":"summary_large_image","twitter_misc":{"Tahmini okuma s\u00fcresi":"1 dakika"},"schema":{"@context":"https:\/\/schema.org","@graph":[{"@type":"WebPage","@id":"https:\/\/www.3dimge.com\/tr\/shop\/kartpostal\/merceksi-kartpostal-galata-kulesi\/","url":"https:\/\/www.3dimge.com\/tr\/shop\/kartpostal\/merceksi-kartpostal-galata-kulesi\/","name":"Merceksi Kartpostal - Galata Kulesi -","isPartOf":{"@id":"https:\/\/www.3dimge.com\/tr\/#website"},"primaryImageOfPage":{"@id":"https:\/\/www.3dimge.com\/tr\/shop\/kartpostal\/merceksi-kartpostal-galata-kulesi\/#primaryimage"},"image":{"@id":"https:\/\/www.3dimge.com\/tr\/shop\/kartpostal\/merceksi-kartpostal-galata-kulesi\/#primaryimage"},"thumbnailUrl":"https:\/\/www.3dimge.com\/wp-content\/uploads\/2025\/06\/Prod_004.png","datePublished":"2025-06-21T19:34:14+00:00","dateModified":"2025-06-21T19:37:16+00:00","breadcrumb":{"@id":"https:\/\/www.3dimge.com\/tr\/shop\/kartpostal\/merceksi-kartpostal-galata-kulesi\/#breadcrumb"},"inLanguage":"tr","potentialAction":[{"@type":"ReadAction","target":["https:\/\/www.3dimge.com\/tr\/shop\/kartpostal\/merceksi-kartpostal-galata-kulesi\/"]}]},{"@type":"ImageObject","inLanguage":"tr","@id":"https:\/\/www.3dimge.com\/tr\/shop\/kartpostal\/merceksi-kartpostal-galata-kulesi\/#primaryimage","url":"https:\/\/www.3dimge.com\/wp-content\/uploads\/2025\/06\/Prod_004.png","contentUrl":"https:\/\/www.3dimge.com\/wp-content\/uploads\/2025\/06\/Prod_004.png","width":1200,"height":1200},{"@type":"BreadcrumbList","@id":"https:\/\/www.3dimge.com\/tr\/shop\/kartpostal\/merceksi-kartpostal-galata-kulesi\/#breadcrumb","itemListElement":[{"@type":"ListItem","position":1,"name":"Anasayfa","item":"https:\/\/www.3dimge.com\/tr\/"},{"@type":"ListItem","position":2,"name":"Ma\u011faza","item":"https:\/\/www.3dimge.com\/3d-lenticular-poster-fotograf-sticker-baski\/"},{"@type":"ListItem","position":3,"name":"Merceksi Kartpostal &#8211; Galata Kulesi"}]},{"@type":"WebSite","@id":"https:\/\/www.3dimge.com\/tr\/#website","url":"https:\/\/www.3dimge.com\/tr\/","name":"3Dimge","description":"G\u00f6z al\u0131c\u0131 merceksi bask\u0131 \u00fcr\u00fcnler!","publisher":{"@id":"https:\/\/www.3dimge.com\/tr\/#organization"},"potentialAction":[{"@type":"SearchAction","target":{"@type":"EntryPoint","urlTemplate":"https:\/\/www.3dimge.com\/tr\/?s={search_term_string}"},"query-input":{"@type":"PropertyValueSpecification","valueRequired":true,"valueName":"search_term_string"}}],"inLanguage":"tr"},{"@type":"Organization","@id":"https:\/\/www.3dimge.com\/tr\/#organization","name":"3Dimge","alternateName":"3Dimge","url":"https:\/\/www.3dimge.com\/tr\/","logo":{"@type":"ImageObject","inLanguage":"tr","@id":"https:\/\/www.3dimge.com\/tr\/#\/schema\/logo\/image\/","url":"https:\/\/www.3dimge.com\/wp-content\/uploads\/2023\/10\/3dimge-anim-logo-mini128-pixel.gif","contentUrl":"https:\/\/www.3dimge.com\/wp-content\/uploads\/2023\/10\/3dimge-anim-logo-mini128-pixel.gif","width":128,"height":128,"caption":"3Dimge"},"image":{"@id":"https:\/\/www.3dimge.com\/tr\/#\/schema\/logo\/image\/"},"sameAs":["https:\/\/www.facebook.com\/3Dimge","https:\/\/www.instagram.com\/3dimge"]}]}},"wcpa_form_fields":null,"_links":{"self":[{"href":"https:\/\/www.3dimge.com\/tr\/wp-json\/wp\/v2\/product\/4627","targetHints":{"allow":["GET"]}}],"collection":[{"href":"https:\/\/www.3dimge.com\/tr\/wp-json\/wp\/v2\/product"}],"about":[{"href":"https:\/\/www.3dimge.com\/tr\/wp-json\/wp\/v2\/types\/product"}],"wp:featuredmedia":[{"embeddable":true,"href":"https:\/\/www.3dimge.com\/tr\/wp-json\/wp\/v2\/media\/4633"}],"wp:attachment":[{"href":"https:\/\/www.3dimge.com\/tr\/wp-json\/wp\/v2\/media?parent=4627"}],"wp:term":[{"taxonomy":"product_brand","embeddable":true,"href":"https:\/\/www.3dimge.com\/tr\/wp-json\/wp\/v2\/product_brand?post=4627"},{"taxonomy":"product_cat","embeddable":true,"href":"https:\/\/www.3dimge.com\/tr\/wp-json\/wp\/v2\/product_cat?post=4627"},{"taxonomy":"product_tag","embeddable":true,"href":"https:\/\/www.3dimge.com\/tr\/wp-json\/wp\/v2\/product_tag?post=4627"}],"curies":[{"name":"wp","href":"https:\/\/api.w.org\/{rel}","templated":true}]}}