{"id":4693,"date":"2025-06-21T23:42:36","date_gmt":"2025-06-21T20:42:36","guid":{"rendered":"https:\/\/www.3dimge.com\/?post_type=product&#038;p=4693"},"modified":"2025-06-22T00:01:24","modified_gmt":"2025-06-21T21:01:24","slug":"merceksi-istanbul-kartpostal-seti","status":"publish","type":"product","link":"https:\/\/www.3dimge.com\/tr\/shop\/kartpostal\/merceksi-istanbul-kartpostal-seti\/","title":{"rendered":"Merceksi \u0130stanbul Kartpostal Seti"},"content":{"rendered":"<p><strong>\u00d6zellikler<\/strong><\/p>\n<ul>\n<li>Merceksi \u0130stanbul Kartpostal seti<\/li>\n<li>6 tasar\u0131mdan olu\u015fur: <a href=\"https:\/\/www.3dimge.com\/tr\/shop\/kartpostal\/merceksi-kartpostal-istanbul-tarihi-manzara\/\" target=\"_blank\" rel=\"noopener\">PROD_0001<\/a>, <a href=\"https:\/\/www.3dimge.com\/tr\/shop\/kartpostal\/merceksi-kartpostal-istanbul-vangoh-etkisi\/\" target=\"_blank\" rel=\"noopener\">PROD_0002<\/a>, <a href=\"https:\/\/www.3dimge.com\/tr\/shop\/kartpostal\/merceksi-kartpostal-istanbul-bogaz-manzarasi\/\" target=\"_blank\" rel=\"noopener\">PROD_0003<\/a>, <a href=\"https:\/\/www.3dimge.com\/tr\/shop\/kartpostal\/merceksi-kartpostal-galata-kulesi\/\" target=\"_blank\" rel=\"noopener\">PROD_000<\/a>4, <a href=\"https:\/\/www.3dimge.com\/tr\/shop\/kartpostal\/merceksi-kartpostal-ayasofya\/\" target=\"_blank\" rel=\"noopener\">PROD_0005<\/a>, <a href=\"https:\/\/www.3dimge.com\/tr\/shop\/kartpostal\/merceksi-kartpostal-sultan-ahmet-camii\/\" target=\"_blank\" rel=\"noopener\">PROD_0006<\/a><\/li>\n<li>Her tassar\u0131mdan 10 adet<\/li>\n<li>Toplam <strong>60 Adet<\/strong> merceksi kartpostal<\/li>\n<li>Boyut 10cmx15cm<\/li>\n<li>A\u015fa\u011f\u0131&amp;yukar\u0131 de\u011fi\u015fim<\/li>\n<li><strong>Hediyelik ma\u011fazalar ve toplu sat\u0131\u015f i\u00e7indir, <em><span style=\"text-decoration: underline;\">\u00f6zel \u00fcye<\/span><\/em> indirimi i\u00e7in bize ula\u015f\u0131n\u0131z.<\/strong><\/li>\n<\/ul>\n<p><strong>KDV ve Kargo<\/strong><\/p>\n<ul>\n<li>Fiyata KDV dahil <span style=\"text-decoration: underline;\"><em>de\u011fildir<\/em><\/span>.<\/li>\n<li>Fiyata kargo maliyeti dahil <span style=\"text-decoration: underline;\"><em>de\u011fildir<\/em><\/span>.<\/li>\n<\/ul>\n<p><strong>\u00dcretim s\u00fcresi<\/strong><\/p>\n<p>3-5 i\u015f g\u00fcn\u00fc<\/p>\n","protected":false},"excerpt":{"rendered":"<p>Merceksi \u0130stanbul Kartpostal seti<\/p>\n","protected":false},"featured_media":4699,"template":"","meta":[],"product_brand":[],"product_cat":[505],"product_tag":[507],"class_list":{"0":"post-4693","1":"product","2":"type-product","3":"status-publish","4":"has-post-thumbnail","6":"product_cat-kartpostal","7":"product_tag-istanbul","8":"product_shipping_class-lenticular-card","10":"first","11":"instock","12":"shipping-taxable","13":"purchasable","14":"product-type-simple"},"yoast_head":"<!-- This site is optimized with the Yoast SEO plugin v27.1.1 - https:\/\/yoast.com\/product\/yoast-seo-wordpress\/ -->\n<title>Merceksi \u0130stanbul Kartpostal Seti -<\/title>\n<meta name=\"robots\" content=\"index, follow, max-snippet:-1, max-image-preview:large, max-video-preview:-1\" \/>\n<link rel=\"canonical\" href=\"https:\/\/www.3dimge.com\/tr\/shop\/kartpostal\/merceksi-istanbul-kartpostal-seti\/\" \/>\n<meta property=\"og:locale\" content=\"tr_TR\" \/>\n<meta property=\"og:type\" content=\"article\" \/>\n<meta property=\"og:title\" content=\"Merceksi \u0130stanbul Kartpostal Seti -\" \/>\n<meta property=\"og:description\" content=\"Merceksi \u0130stanbul Kartpostal seti\" \/>\n<meta property=\"og:url\" content=\"https:\/\/www.3dimge.com\/tr\/shop\/kartpostal\/merceksi-istanbul-kartpostal-seti\/\" \/>\n<meta property=\"og:site_name\" content=\"3Dimge\" \/>\n<meta property=\"article:publisher\" content=\"https:\/\/www.facebook.com\/3Dimge\" \/>\n<meta property=\"article:modified_time\" content=\"2025-06-21T21:01:24+00:00\" \/>\n<meta property=\"og:image\" content=\"https:\/\/www.3dimge.com\/wp-content\/uploads\/2025\/06\/Set-pack.png\" \/>\n\t<meta property=\"og:image:width\" content=\"1200\" \/>\n\t<meta property=\"og:image:height\" content=\"1200\" \/>\n\t<meta property=\"og:image:type\" content=\"image\/png\" \/>\n<meta name=\"twitter:card\" content=\"summary_large_image\" \/>\n<meta name=\"twitter:label1\" content=\"Tahmini okuma s\u00fcresi\" \/>\n\t<meta name=\"twitter:data1\" content=\"1 dakika\" \/>\n<script type=\"application\/ld+json\" class=\"yoast-schema-graph\">{\"@context\":\"https:\/\/schema.org\",\"@graph\":[{\"@type\":\"WebPage\",\"@id\":\"https:\/\/www.3dimge.com\/tr\/shop\/kartpostal\/merceksi-istanbul-kartpostal-seti\/\",\"url\":\"https:\/\/www.3dimge.com\/tr\/shop\/kartpostal\/merceksi-istanbul-kartpostal-seti\/\",\"name\":\"Merceksi \u0130stanbul Kartpostal Seti -\",\"isPartOf\":{\"@id\":\"https:\/\/www.3dimge.com\/tr\/#website\"},\"primaryImageOfPage\":{\"@id\":\"https:\/\/www.3dimge.com\/tr\/shop\/kartpostal\/merceksi-istanbul-kartpostal-seti\/#primaryimage\"},\"image\":{\"@id\":\"https:\/\/www.3dimge.com\/tr\/shop\/kartpostal\/merceksi-istanbul-kartpostal-seti\/#primaryimage\"},\"thumbnailUrl\":\"https:\/\/www.3dimge.com\/wp-content\/uploads\/2025\/06\/Set-pack.png\",\"datePublished\":\"2025-06-21T20:42:36+00:00\",\"dateModified\":\"2025-06-21T21:01:24+00:00\",\"breadcrumb\":{\"@id\":\"https:\/\/www.3dimge.com\/tr\/shop\/kartpostal\/merceksi-istanbul-kartpostal-seti\/#breadcrumb\"},\"inLanguage\":\"tr\",\"potentialAction\":[{\"@type\":\"ReadAction\",\"target\":[\"https:\/\/www.3dimge.com\/tr\/shop\/kartpostal\/merceksi-istanbul-kartpostal-seti\/\"]}]},{\"@type\":\"ImageObject\",\"inLanguage\":\"tr\",\"@id\":\"https:\/\/www.3dimge.com\/tr\/shop\/kartpostal\/merceksi-istanbul-kartpostal-seti\/#primaryimage\",\"url\":\"https:\/\/www.3dimge.com\/wp-content\/uploads\/2025\/06\/Set-pack.png\",\"contentUrl\":\"https:\/\/www.3dimge.com\/wp-content\/uploads\/2025\/06\/Set-pack.png\",\"width\":1200,\"height\":1200},{\"@type\":\"BreadcrumbList\",\"@id\":\"https:\/\/www.3dimge.com\/tr\/shop\/kartpostal\/merceksi-istanbul-kartpostal-seti\/#breadcrumb\",\"itemListElement\":[{\"@type\":\"ListItem\",\"position\":1,\"name\":\"Anasayfa\",\"item\":\"https:\/\/www.3dimge.com\/tr\/\"},{\"@type\":\"ListItem\",\"position\":2,\"name\":\"Ma\u011faza\",\"item\":\"https:\/\/www.3dimge.com\/3d-lenticular-poster-fotograf-sticker-baski\/\"},{\"@type\":\"ListItem\",\"position\":3,\"name\":\"Merceksi \u0130stanbul Kartpostal Seti\"}]},{\"@type\":\"WebSite\",\"@id\":\"https:\/\/www.3dimge.com\/tr\/#website\",\"url\":\"https:\/\/www.3dimge.com\/tr\/\",\"name\":\"3Dimge\",\"description\":\"G\u00f6z al\u0131c\u0131 merceksi bask\u0131 \u00fcr\u00fcnler!\",\"publisher\":{\"@id\":\"https:\/\/www.3dimge.com\/tr\/#organization\"},\"potentialAction\":[{\"@type\":\"SearchAction\",\"target\":{\"@type\":\"EntryPoint\",\"urlTemplate\":\"https:\/\/www.3dimge.com\/tr\/?s={search_term_string}\"},\"query-input\":{\"@type\":\"PropertyValueSpecification\",\"valueRequired\":true,\"valueName\":\"search_term_string\"}}],\"inLanguage\":\"tr\"},{\"@type\":\"Organization\",\"@id\":\"https:\/\/www.3dimge.com\/tr\/#organization\",\"name\":\"3Dimge\",\"alternateName\":\"3Dimge\",\"url\":\"https:\/\/www.3dimge.com\/tr\/\",\"logo\":{\"@type\":\"ImageObject\",\"inLanguage\":\"tr\",\"@id\":\"https:\/\/www.3dimge.com\/tr\/#\/schema\/logo\/image\/\",\"url\":\"https:\/\/www.3dimge.com\/wp-content\/uploads\/2023\/10\/3dimge-anim-logo-mini128-pixel.gif\",\"contentUrl\":\"https:\/\/www.3dimge.com\/wp-content\/uploads\/2023\/10\/3dimge-anim-logo-mini128-pixel.gif\",\"width\":128,\"height\":128,\"caption\":\"3Dimge\"},\"image\":{\"@id\":\"https:\/\/www.3dimge.com\/tr\/#\/schema\/logo\/image\/\"},\"sameAs\":[\"https:\/\/www.facebook.com\/3Dimge\",\"https:\/\/www.instagram.com\/3dimge\"]}]}<\/script>\n<!-- \/ Yoast SEO plugin. -->","yoast_head_json":{"title":"Merceksi \u0130stanbul Kartpostal Seti -","robots":{"index":"index","follow":"follow","max-snippet":"max-snippet:-1","max-image-preview":"max-image-preview:large","max-video-preview":"max-video-preview:-1"},"canonical":"https:\/\/www.3dimge.com\/tr\/shop\/kartpostal\/merceksi-istanbul-kartpostal-seti\/","og_locale":"tr_TR","og_type":"article","og_title":"Merceksi \u0130stanbul Kartpostal Seti -","og_description":"Merceksi \u0130stanbul Kartpostal seti","og_url":"https:\/\/www.3dimge.com\/tr\/shop\/kartpostal\/merceksi-istanbul-kartpostal-seti\/","og_site_name":"3Dimge","article_publisher":"https:\/\/www.facebook.com\/3Dimge","article_modified_time":"2025-06-21T21:01:24+00:00","og_image":[{"width":1200,"height":1200,"url":"https:\/\/www.3dimge.com\/wp-content\/uploads\/2025\/06\/Set-pack.png","type":"image\/png"}],"twitter_card":"summary_large_image","twitter_misc":{"Tahmini okuma s\u00fcresi":"1 dakika"},"schema":{"@context":"https:\/\/schema.org","@graph":[{"@type":"WebPage","@id":"https:\/\/www.3dimge.com\/tr\/shop\/kartpostal\/merceksi-istanbul-kartpostal-seti\/","url":"https:\/\/www.3dimge.com\/tr\/shop\/kartpostal\/merceksi-istanbul-kartpostal-seti\/","name":"Merceksi \u0130stanbul Kartpostal Seti -","isPartOf":{"@id":"https:\/\/www.3dimge.com\/tr\/#website"},"primaryImageOfPage":{"@id":"https:\/\/www.3dimge.com\/tr\/shop\/kartpostal\/merceksi-istanbul-kartpostal-seti\/#primaryimage"},"image":{"@id":"https:\/\/www.3dimge.com\/tr\/shop\/kartpostal\/merceksi-istanbul-kartpostal-seti\/#primaryimage"},"thumbnailUrl":"https:\/\/www.3dimge.com\/wp-content\/uploads\/2025\/06\/Set-pack.png","datePublished":"2025-06-21T20:42:36+00:00","dateModified":"2025-06-21T21:01:24+00:00","breadcrumb":{"@id":"https:\/\/www.3dimge.com\/tr\/shop\/kartpostal\/merceksi-istanbul-kartpostal-seti\/#breadcrumb"},"inLanguage":"tr","potentialAction":[{"@type":"ReadAction","target":["https:\/\/www.3dimge.com\/tr\/shop\/kartpostal\/merceksi-istanbul-kartpostal-seti\/"]}]},{"@type":"ImageObject","inLanguage":"tr","@id":"https:\/\/www.3dimge.com\/tr\/shop\/kartpostal\/merceksi-istanbul-kartpostal-seti\/#primaryimage","url":"https:\/\/www.3dimge.com\/wp-content\/uploads\/2025\/06\/Set-pack.png","contentUrl":"https:\/\/www.3dimge.com\/wp-content\/uploads\/2025\/06\/Set-pack.png","width":1200,"height":1200},{"@type":"BreadcrumbList","@id":"https:\/\/www.3dimge.com\/tr\/shop\/kartpostal\/merceksi-istanbul-kartpostal-seti\/#breadcrumb","itemListElement":[{"@type":"ListItem","position":1,"name":"Anasayfa","item":"https:\/\/www.3dimge.com\/tr\/"},{"@type":"ListItem","position":2,"name":"Ma\u011faza","item":"https:\/\/www.3dimge.com\/3d-lenticular-poster-fotograf-sticker-baski\/"},{"@type":"ListItem","position":3,"name":"Merceksi \u0130stanbul Kartpostal Seti"}]},{"@type":"WebSite","@id":"https:\/\/www.3dimge.com\/tr\/#website","url":"https:\/\/www.3dimge.com\/tr\/","name":"3Dimge","description":"G\u00f6z al\u0131c\u0131 merceksi bask\u0131 \u00fcr\u00fcnler!","publisher":{"@id":"https:\/\/www.3dimge.com\/tr\/#organization"},"potentialAction":[{"@type":"SearchAction","target":{"@type":"EntryPoint","urlTemplate":"https:\/\/www.3dimge.com\/tr\/?s={search_term_string}"},"query-input":{"@type":"PropertyValueSpecification","valueRequired":true,"valueName":"search_term_string"}}],"inLanguage":"tr"},{"@type":"Organization","@id":"https:\/\/www.3dimge.com\/tr\/#organization","name":"3Dimge","alternateName":"3Dimge","url":"https:\/\/www.3dimge.com\/tr\/","logo":{"@type":"ImageObject","inLanguage":"tr","@id":"https:\/\/www.3dimge.com\/tr\/#\/schema\/logo\/image\/","url":"https:\/\/www.3dimge.com\/wp-content\/uploads\/2023\/10\/3dimge-anim-logo-mini128-pixel.gif","contentUrl":"https:\/\/www.3dimge.com\/wp-content\/uploads\/2023\/10\/3dimge-anim-logo-mini128-pixel.gif","width":128,"height":128,"caption":"3Dimge"},"image":{"@id":"https:\/\/www.3dimge.com\/tr\/#\/schema\/logo\/image\/"},"sameAs":["https:\/\/www.facebook.com\/3Dimge","https:\/\/www.instagram.com\/3dimge"]}]}},"wcpa_form_fields":null,"_links":{"self":[{"href":"https:\/\/www.3dimge.com\/tr\/wp-json\/wp\/v2\/product\/4693","targetHints":{"allow":["GET"]}}],"collection":[{"href":"https:\/\/www.3dimge.com\/tr\/wp-json\/wp\/v2\/product"}],"about":[{"href":"https:\/\/www.3dimge.com\/tr\/wp-json\/wp\/v2\/types\/product"}],"wp:featuredmedia":[{"embeddable":true,"href":"https:\/\/www.3dimge.com\/tr\/wp-json\/wp\/v2\/media\/4699"}],"wp:attachment":[{"href":"https:\/\/www.3dimge.com\/tr\/wp-json\/wp\/v2\/media?parent=4693"}],"wp:term":[{"taxonomy":"product_brand","embeddable":true,"href":"https:\/\/www.3dimge.com\/tr\/wp-json\/wp\/v2\/product_brand?post=4693"},{"taxonomy":"product_cat","embeddable":true,"href":"https:\/\/www.3dimge.com\/tr\/wp-json\/wp\/v2\/product_cat?post=4693"},{"taxonomy":"product_tag","embeddable":true,"href":"https:\/\/www.3dimge.com\/tr\/wp-json\/wp\/v2\/product_tag?post=4693"}],"curies":[{"name":"wp","href":"https:\/\/api.w.org\/{rel}","templated":true}]}}